{"id":938,"date":"2020-02-03T11:20:36","date_gmt":"2020-02-03T10:20:36","guid":{"rendered":"http:\/\/therapie-und-reiten.de\/?page_id=938"},"modified":"2020-02-21T16:42:04","modified_gmt":"2020-02-21T15:42:04","slug":"zirzensik","status":"publish","type":"page","link":"https:\/\/therapie-und-reiten.de\/?page_id=938","title":{"rendered":"Zirzensik"},"content":{"rendered":"<p>[et_pb_section fb_built=&#8220;1&#8243; _builder_version=&#8220;3.27.4&#8243; background_color=&#8220;rgba(0,72,114,0.68)&#8220; background_image=&#8220;http:\/\/therapie-und-reiten.de\/wp-content\/uploads\/2020\/02\/200202_Banner_1920x150_kleiner_40prozent-GOLD.jpg&#8220; parallax=&#8220;on&#8220; max_height=&#8220;200px&#8220; custom_padding=&#8220;0px||9px|||&#8220; fb_built=&#8220;1&#8243; _i=&#8220;0&#8243; _address=&#8220;0&#8243;][et_pb_row _builder_version=&#8220;3.27.4&#8243; min_height=&#8220;109px&#8220; custom_padding=&#8220;31px||20px|||&#8220; _i=&#8220;0&#8243; _address=&#8220;0.0&#8243;][et_pb_column type=&#8220;4_4&#8243; _builder_version=&#8220;3.27.4&#8243; _i=&#8220;0&#8243; _address=&#8220;0.0.0&#8243;][et_pb_text _builder_version=&#8220;3.27.4&#8243; text_font=&#8220;|700||on|||||&#8220; text_text_color=&#8220;#2d2d2c&#8220; text_font_size=&#8220;30px&#8220; text_line_height=&#8220;1.75em&#8220; background_color=&#8220;#1f5472&#8243; border_width_all=&#8220;1px&#8220; border_color_all=&#8220;#fcbf2c&#8220; max_width=&#8220;52%&#8220; module_alignment=&#8220;center&#8220; _i=&#8220;0&#8243; _address=&#8220;0.0.0.0&#8243;]<\/p>\n<p style=\"text-align: center;\"><span style=\"color: #fcbf2c;\">Zirzensik<\/span><\/p>\n<p>[\/et_pb_text][\/et_pb_column][\/et_pb_row][\/et_pb_section][et_pb_section fb_built=&#8220;1&#8243; fullwidth=&#8220;on&#8220; _builder_version=&#8220;3.27.4&#8243; fb_built=&#8220;1&#8243; _i=&#8220;1&#8243; _address=&#8220;1&#8243;][et_pb_fullwidth_slider arrows_custom_color=&#8220;#1f5472&#8243; dot_nav_custom_color=&#8220;#fcbf2c&#8220; _builder_version=&#8220;3.27.4&#8243; height=&#8220;450px&#8220; max_height=&#8220;722px&#8220; custom_margin=&#8220;30px||||false|false&#8220; auto=&#8220;on&#8220; auto_speed=&#8220;4000&#8243; _i=&#8220;0&#8243; _address=&#8220;1.0&#8243;][et_pb_slide _builder_version=&#8220;3.27.4&#8243; background_color=&#8220;rgba(0,0,0,0)&#8220; background_enable_color=&#8220;on&#8220; background_image=&#8220;http:\/\/therapie-und-reiten.de\/wp-content\/uploads\/2019\/12\/IMG-20190207-WA0010.jpg&#8220; background_enable_image=&#8220;on&#8220; background_size=&#8220;contain&#8220; background_position=&#8220;top_center&#8220; hover_enabled=&#8220;0&#8243; _i=&#8220;0&#8243; _address=&#8220;1.0.0&#8243;][\/et_pb_slide][et_pb_slide _builder_version=&#8220;3.27.4&#8243; background_color=&#8220;rgba(0,0,0,0)&#8220; background_enable_color=&#8220;on&#8220; background_image=&#8220;http:\/\/therapie-und-reiten.de\/wp-content\/uploads\/2019\/12\/IMG-20190213-WA0012.jpg&#8220; background_enable_image=&#8220;on&#8220; background_size=&#8220;contain&#8220; hover_enabled=&#8220;0&#8243; _i=&#8220;1&#8243; _address=&#8220;1.0.1&#8243;][\/et_pb_slide][et_pb_slide _builder_version=&#8220;3.27.4&#8243; background_color=&#8220;rgba(0,0,0,0)&#8220; background_enable_color=&#8220;on&#8220; background_image=&#8220;http:\/\/therapie-und-reiten.de\/wp-content\/uploads\/2019\/12\/IMG-20190122-WA0001.jpg&#8220; background_enable_image=&#8220;on&#8220; background_size=&#8220;contain&#8220; background_position=&#8220;top_center&#8220; hover_enabled=&#8220;0&#8243; _i=&#8220;2&#8243; _address=&#8220;1.0.2&#8243;][\/et_pb_slide][et_pb_slide _builder_version=&#8220;3.27.4&#8243; background_color=&#8220;rgba(0,0,0,0)&#8220; background_enable_color=&#8220;on&#8220; background_image=&#8220;http:\/\/therapie-und-reiten.de\/wp-content\/uploads\/2020\/02\/IMG_9911.jpg&#8220; background_enable_image=&#8220;on&#8220; background_size=&#8220;contain&#8220; background_position=&#8220;top_center&#8220; hover_enabled=&#8220;0&#8243; _i=&#8220;3&#8243; _address=&#8220;1.0.3&#8243;][\/et_pb_slide][et_pb_slide _builder_version=&#8220;3.27.4&#8243; background_color=&#8220;rgba(0,0,0,0)&#8220; background_enable_color=&#8220;on&#8220; background_image=&#8220;http:\/\/therapie-und-reiten.de\/wp-content\/uploads\/2020\/02\/IMG-20190122-WA0000.jpg&#8220; background_enable_image=&#8220;on&#8220; background_size=&#8220;contain&#8220; background_position=&#8220;top_center&#8220; hover_enabled=&#8220;0&#8243; _i=&#8220;4&#8243; _address=&#8220;1.0.4&#8243;][\/et_pb_slide][\/et_pb_fullwidth_slider][\/et_pb_section][et_pb_section fb_built=&#8220;1&#8243; _builder_version=&#8220;3.27.4&#8243; fb_built=&#8220;1&#8243; _i=&#8220;2&#8243; _address=&#8220;2&#8243;][et_pb_row _builder_version=&#8220;3.27.4&#8243; custom_margin=&#8220;|auto||113px||&#8220; _i=&#8220;0&#8243; _address=&#8220;2.0&#8243;][et_pb_column type=&#8220;4_4&#8243; _builder_version=&#8220;3.27.4&#8243; _i=&#8220;0&#8243; _address=&#8220;2.0.0&#8243;][et_pb_text _builder_version=&#8220;3.27.4&#8243; _i=&#8220;0&#8243; _address=&#8220;2.0.0.0&#8243;]<\/p>\n<p class=\"aLF-aPX-K0-aPE\"><span color=\"#2d2d2c\" style=\"color: #2d2d2c; font-size: medium;\">Zirzensik-Lektionen haben einen hohen erzieherischen und gymnastizierenden Effekt. In der Zirzensik macht man sich im Prinzip das nat\u00fcrliche Verhalten &#8211; Imponiergehabe &#8211; zu Nutze. <\/span><\/p>\n<p class=\"aLF-aPX-K0-aPE\"><span color=\"#2d2d2c\" style=\"color: #2d2d2c; font-size: medium;\">Zur St\u00e4rkung der R\u00fcckenmuskulatur kann mit dem Pferd das Kompliment oder die Bergziege erarbeitet werden.\u00a0<\/span><span style=\"font-size: medium;\">Der spanische Schritt ist gut f\u00fcr das Pferd geeignet, um die Schulter zu mobilisieren, das Selbstbewusstsein zu st\u00e4rken und die Muskulatur zu kr\u00e4ftigen.<\/span><\/p>\n<p class=\"aLF-aPX-K0-aPE\"><span color=\"#2d2d2c\" style=\"color: #2d2d2c; font-size: medium;\">Die Zirzensik und auch das Klickertraining sind effektive, abwechslungsreiche Besch\u00e4ftigungen, die den Pferden sehr viel Spa\u00df machen. <\/span><\/p>\n<p class=\"aLF-aPX-K0-aPE\"><span color=\"#2d2d2c\" style=\"color: #2d2d2c; font-size: medium;\">Lernen Sie Ihr Pferd kennen und trainieren Sie ihr Einf\u00fchlungsverm\u00f6gen, ihre Selbstkontrolle und ihr Verst\u00e4ndnis f\u00fcr den Partner Pferd.<\/span><\/p>\n<p class=\"aLF-aPX-K0-aPE\"><span color=\"#2d2d2c\" style=\"color: #2d2d2c; font-size: medium;\"><\/span><\/p>\n<p>[\/et_pb_text][\/et_pb_column][\/et_pb_row][\/et_pb_section]<\/p>\n","protected":false},"excerpt":{"rendered":"<p>[et_pb_section fb_built=&#8220;1&#8243; _builder_version=&#8220;3.27.4&#8243; background_color=&#8220;rgba(0,72,114,0.68)&#8220; background_image=&#8220;http:\/\/therapie-und-reiten.de\/wp-content\/uploads\/2020\/02\/200202_Banner_1920x150_kleiner_40prozent-GOLD.jpg&#8220; parallax=&#8220;on&#8220; max_height=&#8220;200px&#8220; custom_padding=&#8220;0px||9px|||&#8220; fb_built=&#8220;1&#8243; _i=&#8220;0&#8243; _address=&#8220;0&#8243;][et_pb_row _builder_version=&#8220;3.27.4&#8243; min_height=&#8220;109px&#8220; custom_padding=&#8220;31px||20px|||&#8220; _i=&#8220;0&#8243; _address=&#8220;0.0&#8243;][et_pb_column type=&#8220;4_4&#8243; _builder_version=&#8220;3.27.4&#8243; _i=&#8220;0&#8243; _address=&#8220;0.0.0&#8243;][et_pb_text _builder_version=&#8220;3.27.4&#8243; text_font=&#8220;|700||on|||||&#8220; text_text_color=&#8220;#2d2d2c&#8220; text_font_size=&#8220;30px&#8220; text_line_height=&#8220;1.75em&#8220; background_color=&#8220;#1f5472&#8243; border_width_all=&#8220;1px&#8220; border_color_all=&#8220;#fcbf2c&#8220; max_width=&#8220;52%&#8220; module_alignment=&#8220;center&#8220; [&hellip;]<\/p>\n","protected":false},"author":1,"featured_media":0,"parent":0,"menu_order":0,"comment_status":"closed","ping_status":"closed","template":"","meta":{"_et_pb_use_builder":"on","_et_pb_old_content":"","_expiration-date-status":"","_expiration-date":0,"_expiration-date-type":"","_expiration-date-categories":[],"_expiration-date-options":[]},"_links":{"self":[{"href":"https:\/\/therapie-und-reiten.de\/index.php?rest_route=\/wp\/v2\/pages\/938"}],"collection":[{"href":"https:\/\/therapie-und-reiten.de\/index.php?rest_route=\/wp\/v2\/pages"}],"about":[{"href":"https:\/\/therapie-und-reiten.de\/index.php?rest_route=\/wp\/v2\/types\/page"}],"author":[{"embeddable":true,"href":"https:\/\/therapie-und-reiten.de\/index.php?rest_route=\/wp\/v2\/users\/1"}],"replies":[{"embeddable":true,"href":"https:\/\/therapie-und-reiten.de\/index.php?rest_route=%2Fwp%2Fv2%2Fcomments&post=938"}],"version-history":[{"count":6,"href":"https:\/\/therapie-und-reiten.de\/index.php?rest_route=\/wp\/v2\/pages\/938\/revisions"}],"predecessor-version":[{"id":1280,"href":"https:\/\/therapie-und-reiten.de\/index.php?rest_route=\/wp\/v2\/pages\/938\/revisions\/1280"}],"wp:attachment":[{"href":"https:\/\/therapie-und-reiten.de\/index.php?rest_route=%2Fwp%2Fv2%2Fmedia&parent=938"}],"curies":[{"name":"wp","href":"https:\/\/api.w.org\/{rel}","templated":true}]}}