{"id":639,"date":"2020-01-23T12:48:09","date_gmt":"2020-01-23T11:48:09","guid":{"rendered":"http:\/\/therapie-und-reiten.de\/?page_id=639"},"modified":"2021-01-09T18:13:18","modified_gmt":"2021-01-09T17:13:18","slug":"coaching","status":"publish","type":"page","link":"https:\/\/therapie-und-reiten.de\/?page_id=639","title":{"rendered":"Coaching"},"content":{"rendered":"<p>[et_pb_section fb_built=&#8220;1&#8243; _builder_version=&#8220;3.27.4&#8243; background_color=&#8220;rgba(0,72,114,0.68)&#8220; background_image=&#8220;http:\/\/therapie-und-reiten.de\/wp-content\/uploads\/2020\/02\/200202_Banner_1920x150_kleiner_40prozent-GOLD.jpg&#8220; parallax=&#8220;on&#8220; max_height=&#8220;200px&#8220; custom_padding=&#8220;0px||9px|||&#8220; fb_built=&#8220;1&#8243; _i=&#8220;0&#8243; _address=&#8220;0&#8243;][et_pb_row _builder_version=&#8220;3.27.4&#8243; min_height=&#8220;109px&#8220; custom_padding=&#8220;31px||20px|||&#8220; _i=&#8220;0&#8243; _address=&#8220;0.0&#8243;][et_pb_column type=&#8220;4_4&#8243; _builder_version=&#8220;3.27.4&#8243; _i=&#8220;0&#8243; _address=&#8220;0.0.0&#8243;][et_pb_text _builder_version=&#8220;3.27.4&#8243; text_font=&#8220;|700||on|||||&#8220; text_text_color=&#8220;#2d2d2c&#8220; text_font_size=&#8220;30px&#8220; text_line_height=&#8220;1.75em&#8220; background_color=&#8220;#1f5472&#8243; border_width_all=&#8220;1px&#8220; border_color_all=&#8220;#fcbf2c&#8220; max_width=&#8220;57%&#8220; module_alignment=&#8220;center&#8220; max_height=&#8220;1000px&#8220; _i=&#8220;0&#8243; _address=&#8220;0.0.0.0&#8243;]<\/p>\n<p style=\"text-align: center;\"><span style=\"color: #fcbf2c;\">Coaching<\/span><\/p>\n<p>[\/et_pb_text][\/et_pb_column][\/et_pb_row][\/et_pb_section][et_pb_section fb_built=&#8220;1&#8243; fullwidth=&#8220;on&#8220; _builder_version=&#8220;3.27.4&#8243; fb_built=&#8220;1&#8243; _i=&#8220;1&#8243; _address=&#8220;1&#8243;][et_pb_fullwidth_slider arrows_custom_color=&#8220;#1f5472&#8243; dot_nav_custom_color=&#8220;#fcbf2c&#8220; _builder_version=&#8220;3.27.4&#8243; height=&#8220;450px&#8220; max_height=&#8220;722px&#8220; custom_margin=&#8220;30px||||false|false&#8220; auto=&#8220;on&#8220; auto_speed=&#8220;4000&#8243; hover_enabled=&#8220;0&#8243; _i=&#8220;0&#8243; _address=&#8220;1.0&#8243;][et_pb_slide _builder_version=&#8220;3.27.4&#8243; background_color=&#8220;rgba(0,0,0,0)&#8220; background_enable_color=&#8220;on&#8220; background_image=&#8220;http:\/\/therapie-und-reiten.de\/wp-content\/uploads\/2020\/02\/3a5155b9-a062-47b3-9eeb-b8b8c568e341.jpg&#8220; background_enable_image=&#8220;on&#8220; background_size=&#8220;contain&#8220; hover_enabled=&#8220;0&#8243; _i=&#8220;0&#8243; _address=&#8220;1.0.0&#8243;][\/et_pb_slide][et_pb_slide _builder_version=&#8220;3.27.4&#8243; background_color=&#8220;rgba(0,0,0,0)&#8220; background_enable_color=&#8220;on&#8220; background_image=&#8220;http:\/\/therapie-und-reiten.de\/wp-content\/uploads\/2020\/02\/WhatsApp-Image-2020-02-02-at-19.10.50-2.jpeg&#8220; background_enable_image=&#8220;on&#8220; background_size=&#8220;contain&#8220; background_position=&#8220;top_center&#8220; hover_enabled=&#8220;0&#8243; _i=&#8220;1&#8243; _address=&#8220;1.0.1&#8243;][\/et_pb_slide][et_pb_slide _builder_version=&#8220;3.27.4&#8243; background_color=&#8220;rgba(0,0,0,0)&#8220; background_enable_color=&#8220;on&#8220; background_image=&#8220;http:\/\/therapie-und-reiten.de\/wp-content\/uploads\/2020\/02\/WhatsApp-Image-2020-02-02-at-19.10.50-1.jpeg&#8220; background_enable_image=&#8220;on&#8220; background_size=&#8220;contain&#8220; background_position=&#8220;top_center&#8220; hover_enabled=&#8220;0&#8243; _i=&#8220;2&#8243; _address=&#8220;1.0.2&#8243;][\/et_pb_slide][et_pb_slide _builder_version=&#8220;3.27.4&#8243; background_image=&#8220;http:\/\/therapie-und-reiten.de\/wp-content\/uploads\/2021\/01\/IMG_7140.jpg&#8220; background_enable_image=&#8220;on&#8220; hover_enabled=&#8220;0&#8243; _i=&#8220;3&#8243; _address=&#8220;1.0.3&#8243; max_width=&#8220;100%&#8220; width=&#8220;100%&#8220; parallax=&#8220;on&#8220;][\/et_pb_slide][\/et_pb_fullwidth_slider][\/et_pb_section][et_pb_section fb_built=&#8220;1&#8243; admin_label=&#8220;Section&#8220; _builder_version=&#8220;3.27.4&#8243; background_color=&#8220;#ffffff&#8220; custom_padding=&#8220;0|0px|0px|0px&#8220; fb_built=&#8220;1&#8243; _i=&#8220;2&#8243; _address=&#8220;2&#8243;][et_pb_row use_custom_gutter=&#8220;on&#8220; gutter_width=&#8220;1&#8243; make_equal=&#8220;on&#8220; module_class=&#8220; et_pb_row_fullwidth&#8220; _builder_version=&#8220;3.27.4&#8243; width=&#8220;100%&#8220; width_tablet=&#8220;100%&#8220; width_last_edited=&#8220;on|phone&#8220; max_width=&#8220;100%&#8220; max_width_tablet=&#8220;100%&#8220; max_width_last_edited=&#8220;on|desktop&#8220; custom_padding=&#8220;0|0px|0px|0px||&#8220; make_fullwidth=&#8220;on&#8220; _i=&#8220;0&#8243; _address=&#8220;2.0&#8243;][et_pb_column type=&#8220;4_4&#8243; _builder_version=&#8220;3.25&#8243; custom_padding=&#8220;|||&#8220; custom_css_main_element=&#8220;padding: 50px;&#8220; custom_css_main=&#8220;padding: 50px;&#8220; _i=&#8220;0&#8243; _address=&#8220;2.0.0&#8243; custom_padding__hover=&#8220;|||&#8220;][et_pb_testimonial author=&#8220;Brigitte Lenz&#8220; quote_icon_color=&#8220;#fcbf2c&#8220; quote_icon_background_color=&#8220;#1f5472&#8243; _builder_version=&#8220;3.27.4&#8243; body_font=&#8220;|700|||||||&#8220; body_text_color=&#8220;#1f5472&#8243; body_font_size=&#8220;16px&#8220; author_font=&#8220;|700||||on|||&#8220; author_font_size=&#8220;17px&#8220; background_color=&#8220;rgba(252,191,44,0.71)&#8220; text_orientation=&#8220;center&#8220; custom_padding=&#8220;||23px|||&#8220; text_shadow_style=&#8220;preset1&#8243; text_shadow_color=&#8220;rgba(0,0,0,0)&#8220; _i=&#8220;0&#8243; _address=&#8220;2.0.0.0&#8243;]<\/p>\n<p>Pferde sind sehr empf\u00e4nglich f\u00fcr die menschliche Echtheit, weil sie ihnen Sicherheit gibt. Sie durchschauen jede wie auch immer geartete Maske und Widerspr\u00fcchlichkeit unserer Pers\u00f6nlichkeit<\/p>\n<p>[\/et_pb_testimonial][et_pb_text quote_border_color=&#8220;#1f5472&#8243; _builder_version=&#8220;3.27.4&#8243; text_font=&#8220;||||||||&#8220; text_text_color=&#8220;#2d2d2c&#8220; text_font_size=&#8220;15px&#8220; quote_font=&#8220;|700|||||||&#8220; quote_text_align=&#8220;left&#8220; quote_text_color=&#8220;#fcbf2c&#8220; header_font=&#8220;Lato|||on|||||&#8220; header_text_color=&#8220;#2d2d2c&#8220; background_layout=&#8220;dark&#8220; custom_margin=&#8220;||-35px|||&#8220; custom_padding=&#8220;37px||21px|||&#8220; hover_enabled=&#8220;0&#8243; _i=&#8220;1&#8243; _address=&#8220;2.0.0.1&#8243;]<\/p>\n<p class=\"aLF-aPX-K0-aPE\">Pferde sind wertvolle Begleiter zu verschiedensten Themen im Coaching Bereich. Das Pferd spiegelt das Verhalten des Menschen wider, ist ein wertvoller Feedbackgeber ohne wertend zu sein. Muster werden aufgezeigt und k\u00f6nnen reflektiert werden. Das gibt emotionale Entwicklungspotentiale und gibt eindeutige Impulse zur Entwicklung pers\u00f6nlicher St\u00e4rken.<\/p>\n<p class=\"aLF-aPX-K0-aPE\">Bei der Beobachtung von Pferden oder in der Interaktion mit dem Pferd werden mithilfe einer angeleiteten Selbstreflexion L\u00f6sungsans\u00e4tze analysiert und in den Alltag \u00fcbertragen.<\/p>\n<p class=\"aLF-aPX-K0-aPE\">Keine Pferdeerfahrung notwendig. Gerne konzipierbar, Einzelcoaching oder Teamtrainings.<\/p>\n<p class=\"aLF-aPX-K0-aPE\">\n<p class=\"aLF-aPX-K0-aPE\"><strong>M\u00f6gliche Themen im Coaching <\/strong><\/p>\n<p class=\"aLF-aPX-K0-aPE\" style=\"padding-left: 30px;\">Umgang mit sich selbst<\/p>\n<p class=\"aLF-aPX-K0-aPE\" style=\"padding-left: 30px;\">Erkennen und m\u00f6glicherweise Ver\u00e4ndern von Denk-, Gef\u00fchls- und Verhaltensmustern<\/p>\n<p class=\"aLF-aPX-K0-aPE\" style=\"padding-left: 30px;\">Pers\u00f6nlichkeitsentwicklung<\/p>\n<p class=\"aLF-aPX-K0-aPE\" style=\"padding-left: 30px;\">Einf\u00fchlung<\/p>\n<p class=\"aLF-aPX-K0-aPE\" style=\"padding-left: 30px;\">Achtsamkeit<\/p>\n<p class=\"aLF-aPX-K0-aPE\" style=\"padding-left: 30px;\">Eigenverantwortlichkeit<\/p>\n<p class=\"aLF-aPX-K0-aPE\" style=\"padding-left: 30px;\">Authentizit\u00e4t<\/p>\n<p class=\"aLF-aPX-K0-aPE\" style=\"padding-left: 30px;\">Talente erkennen-Potentiale st\u00e4rken<\/p>\n<p class=\"aLF-aPX-K0-aPE\" style=\"padding-left: 30px;\">Teamentwicklung<\/p>\n<p class=\"aLF-aPX-K0-aPE\" style=\"padding-left: 30px;\">Wirkung &#8211; Pr\u00e4senz<\/p>\n<p class=\"aLF-aPX-K0-aPE\" style=\"padding-left: 30px;\">Selbstbewusstsein &#8211; Selbstvertrauen st\u00e4rken<\/p>\n<p class=\"aLF-aPX-K0-aPE\" style=\"padding-left: 30px;\">K\u00f6rperhaltung &#8211; innere Einstellung<\/p>\n<p class=\"aLF-aPX-K0-aPE\" style=\"padding-left: 30px;\">Work-Life-Balance<\/p>\n<p>[\/et_pb_text][\/et_pb_column][\/et_pb_row][\/et_pb_section][et_pb_section fb_built=&#8220;1&#8243; _builder_version=&#8220;3.27.4&#8243; background_color=&#8220;rgba(0,72,114,0.68)&#8220; background_image=&#8220;http:\/\/therapie-und-reiten.de\/wp-content\/uploads\/2019\/12\/IMG-20190213-WA0017.jpg&#8220; parallax=&#8220;on&#8220; fb_built=&#8220;1&#8243; _i=&#8220;3&#8243; _address=&#8220;3&#8243;][et_pb_row _builder_version=&#8220;3.27.4&#8243; _i=&#8220;0&#8243; _address=&#8220;3.0&#8243;][et_pb_column type=&#8220;4_4&#8243; _builder_version=&#8220;3.27.4&#8243; _i=&#8220;0&#8243; _address=&#8220;3.0.0&#8243;][et_pb_testimonial author=&#8220;Eva&#8220; quote_icon_color=&#8220;#fcbf2c&#8220; quote_icon_background_color=&#8220;#1f5472&#8243; _builder_version=&#8220;3.27.4&#8243; body_text_align=&#8220;center&#8220; body_text_color=&#8220;#2d2d2c&#8220; body_font_size=&#8220;15px&#8220; author_font=&#8220;|700||||on|||&#8220; author_text_align=&#8220;center&#8220; author_font_size=&#8220;16px&#8220; background_color=&#8220;rgba(245,245,245,0.52)&#8220; custom_padding=&#8220;||23px|||&#8220; _i=&#8220;0&#8243; _address=&#8220;3.0.0.0&#8243;]<\/p>\n<p>Vielen Dank f\u00fcr ein tolles, aber auch anstrengendes Wochenende. Manchmal ist es wirklich n\u00f6tig, den Blickwinkel zu \u00e4ndern und das habt ihr mit euren \u00dcbungen mit den Pferden definitiv geschafft. Ihr habt Situationen geschaffen, in denen Probleme und Verhaltensmuster anschaulich wurden. Die Gespr\u00e4che mit euch, aber auch den anderen Teilnehmern haben mir geholfen, Ideen zu entwickeln, was ich an meinem Verhalten \u00e4ndern muss, um alte Muster zu durchbrechen. Dass ihr den Fokus der Teilnehmer auf sich selbst und die Achtsamkeit sich selbst gegen\u00fcber lenkt, hat mir pers\u00f6nlich auch sehr gut getan. Nicht zuletzt die wundervolle Atmosph\u00e4re auf dem Angiehof und eure herzliche Art tragen dazu bei, sich trotz anstrengender Themen rundum wohl zu f\u00fchlen. Danke f\u00fcr ein wundersch\u00f6nes und &#8222;Blickwinkel-\u00e4nderndes&#8220; Coaching-Wochenende, das hoffentlich noch lange nachwirkt.<\/p>\n<p>[\/et_pb_testimonial][\/et_pb_column][\/et_pb_row][\/et_pb_section]<\/p>\n","protected":false},"excerpt":{"rendered":"<p>[et_pb_section fb_built=&#8220;1&#8243; _builder_version=&#8220;3.27.4&#8243; background_color=&#8220;rgba(0,72,114,0.68)&#8220; background_image=&#8220;http:\/\/therapie-und-reiten.de\/wp-content\/uploads\/2020\/02\/200202_Banner_1920x150_kleiner_40prozent-GOLD.jpg&#8220; parallax=&#8220;on&#8220; max_height=&#8220;200px&#8220; custom_padding=&#8220;0px||9px|||&#8220; fb_built=&#8220;1&#8243; _i=&#8220;0&#8243; _address=&#8220;0&#8243;][et_pb_row _builder_version=&#8220;3.27.4&#8243; min_height=&#8220;109px&#8220; custom_padding=&#8220;31px||20px|||&#8220; _i=&#8220;0&#8243; _address=&#8220;0.0&#8243;][et_pb_column type=&#8220;4_4&#8243; _builder_version=&#8220;3.27.4&#8243; _i=&#8220;0&#8243; _address=&#8220;0.0.0&#8243;][et_pb_text _builder_version=&#8220;3.27.4&#8243; text_font=&#8220;|700||on|||||&#8220; text_text_color=&#8220;#2d2d2c&#8220; text_font_size=&#8220;30px&#8220; text_line_height=&#8220;1.75em&#8220; background_color=&#8220;#1f5472&#8243; border_width_all=&#8220;1px&#8220; border_color_all=&#8220;#fcbf2c&#8220; max_width=&#8220;57%&#8220; module_alignment=&#8220;center&#8220; [&hellip;]<\/p>\n","protected":false},"author":1,"featured_media":0,"parent":0,"menu_order":0,"comment_status":"closed","ping_status":"closed","template":"","meta":{"_et_pb_use_builder":"on","_et_pb_old_content":"","_expiration-date-status":"","_expiration-date":0,"_expiration-date-type":"","_expiration-date-categories":[],"_expiration-date-options":[]},"_links":{"self":[{"href":"https:\/\/therapie-und-reiten.de\/index.php?rest_route=\/wp\/v2\/pages\/639"}],"collection":[{"href":"https:\/\/therapie-und-reiten.de\/index.php?rest_route=\/wp\/v2\/pages"}],"about":[{"href":"https:\/\/therapie-und-reiten.de\/index.php?rest_route=\/wp\/v2\/types\/page"}],"author":[{"embeddable":true,"href":"https:\/\/therapie-und-reiten.de\/index.php?rest_route=\/wp\/v2\/users\/1"}],"replies":[{"embeddable":true,"href":"https:\/\/therapie-und-reiten.de\/index.php?rest_route=%2Fwp%2Fv2%2Fcomments&post=639"}],"version-history":[{"count":14,"href":"https:\/\/therapie-und-reiten.de\/index.php?rest_route=\/wp\/v2\/pages\/639\/revisions"}],"predecessor-version":[{"id":1381,"href":"https:\/\/therapie-und-reiten.de\/index.php?rest_route=\/wp\/v2\/pages\/639\/revisions\/1381"}],"wp:attachment":[{"href":"https:\/\/therapie-und-reiten.de\/index.php?rest_route=%2Fwp%2Fv2%2Fmedia&parent=639"}],"curies":[{"name":"wp","href":"https:\/\/api.w.org\/{rel}","templated":true}]}}