{"id":510,"date":"2020-01-17T14:22:48","date_gmt":"2020-01-17T13:22:48","guid":{"rendered":"http:\/\/therapie-und-reiten.de\/?page_id=510"},"modified":"2020-02-03T11:44:53","modified_gmt":"2020-02-03T10:44:53","slug":"rehatraining","status":"publish","type":"page","link":"https:\/\/therapie-und-reiten.de\/?page_id=510","title":{"rendered":"Rehatraining"},"content":{"rendered":"<p>[et_pb_section fb_built=&#8220;1&#8243; _builder_version=&#8220;3.27.4&#8243; background_color=&#8220;rgba(0,72,114,0.68)&#8220; background_image=&#8220;http:\/\/therapie-und-reiten.de\/wp-content\/uploads\/2020\/02\/200202_Banner_1920x150_kleiner_40prozent-GOLD.jpg&#8220; parallax=&#8220;on&#8220; max_height=&#8220;200px&#8220; custom_padding=&#8220;0px||9px|||&#8220; fb_built=&#8220;1&#8243; _i=&#8220;0&#8243; _address=&#8220;0&#8243;][et_pb_row _builder_version=&#8220;3.27.4&#8243; min_height=&#8220;109px&#8220; custom_padding=&#8220;31px||20px|||&#8220; _i=&#8220;0&#8243; _address=&#8220;0.0&#8243;][et_pb_column type=&#8220;4_4&#8243; _builder_version=&#8220;3.27.4&#8243; _i=&#8220;0&#8243; _address=&#8220;0.0.0&#8243;][et_pb_text _builder_version=&#8220;3.27.4&#8243; text_font=&#8220;|700||on|||||&#8220; text_text_color=&#8220;#2d2d2c&#8220; text_font_size=&#8220;30px&#8220; text_line_height=&#8220;1.75em&#8220; background_color=&#8220;#1f5472&#8243; border_width_all=&#8220;1px&#8220; border_color_all=&#8220;#fcbf2c&#8220; hover_enabled=&#8220;0&#8243; _i=&#8220;0&#8243; _address=&#8220;0.0.0.0&#8243;]<\/p>\n<p style=\"text-align: center;\"><span style=\"color: #fcbf2c;\">Rehatraining f\u00fcr Pferde<\/span><\/p>\n<p>[\/et_pb_text][\/et_pb_column][\/et_pb_row][\/et_pb_section][et_pb_section fb_built=&#8220;1&#8243; fullwidth=&#8220;on&#8220; _builder_version=&#8220;3.27.4&#8243; fb_built=&#8220;1&#8243; _i=&#8220;1&#8243; _address=&#8220;1&#8243;][et_pb_fullwidth_slider arrows_custom_color=&#8220;#1f5472&#8243; dot_nav_custom_color=&#8220;#fcbf2c&#8220; _builder_version=&#8220;3.27.4&#8243; height=&#8220;450px&#8220; max_height=&#8220;722px&#8220; custom_margin=&#8220;30px||||false|false&#8220; auto=&#8220;on&#8220; auto_speed=&#8220;4000&#8243; _i=&#8220;0&#8243; _address=&#8220;1.0&#8243;][et_pb_slide _builder_version=&#8220;3.27.4&#8243; background_color=&#8220;rgba(0,0,0,0)&#8220; background_enable_color=&#8220;on&#8220; background_image=&#8220;http:\/\/therapie-und-reiten.de\/wp-content\/uploads\/2020\/02\/WhatsApp-Image-2020-02-02-at-11.40.40.jpeg&#8220; background_enable_image=&#8220;on&#8220; background_size=&#8220;contain&#8220; hover_enabled=&#8220;0&#8243; _i=&#8220;0&#8243; _address=&#8220;1.0.0&#8243;][\/et_pb_slide][\/et_pb_fullwidth_slider][\/et_pb_section][et_pb_section fb_built=&#8220;1&#8243; admin_label=&#8220;Section&#8220; _builder_version=&#8220;3.27.4&#8243; background_color=&#8220;#ffffff&#8220; custom_padding=&#8220;0|0px|0px|0px&#8220; fb_built=&#8220;1&#8243; _i=&#8220;2&#8243; _address=&#8220;2&#8243;][et_pb_row use_custom_gutter=&#8220;on&#8220; gutter_width=&#8220;1&#8243; make_equal=&#8220;on&#8220; module_class=&#8220; et_pb_row_fullwidth&#8220; _builder_version=&#8220;3.27.4&#8243; width=&#8220;100%&#8220; width_tablet=&#8220;100%&#8220; width_last_edited=&#8220;on|phone&#8220; max_width=&#8220;100%&#8220; max_width_tablet=&#8220;100%&#8220; max_width_last_edited=&#8220;on|desktop&#8220; custom_padding=&#8220;0|0px|1px|0px||&#8220; make_fullwidth=&#8220;on&#8220; _i=&#8220;0&#8243; _address=&#8220;2.0&#8243;][et_pb_column type=&#8220;4_4&#8243; _builder_version=&#8220;3.25&#8243; custom_padding=&#8220;|||&#8220; custom_css_main_element=&#8220;padding: 50px;&#8220; custom_css_main=&#8220;padding: 50px;&#8220; _i=&#8220;0&#8243; _address=&#8220;2.0.0&#8243; custom_padding__hover=&#8220;|||&#8220;][et_pb_testimonial author=&#8220;Rudolf G. Binding (1948)&#8220; quote_icon_color=&#8220;#fcbf2c&#8220; quote_icon_background_color=&#8220;#1f5472&#8243; _builder_version=&#8220;3.27.4&#8243; body_font=&#8220;|700|||||||&#8220; body_text_color=&#8220;#1f5472&#8243; body_font_size=&#8220;16px&#8220; author_font=&#8220;|700||||on|||&#8220; author_font_size=&#8220;17px&#8220; background_color=&#8220;rgba(252,191,44,0.71)&#8220; text_orientation=&#8220;center&#8220; custom_padding=&#8220;||23px|||&#8220; text_shadow_style=&#8220;preset1&#8243; text_shadow_color=&#8220;rgba(0,0,0,0)&#8220; _i=&#8220;0&#8243; _address=&#8220;2.0.0.0&#8243;]<\/p>\n<p>Reiten ist erst dann eine wahre Freude, wenn du durch eine lange Schule der Geduld, der Feinf\u00fchligkeit und der Energie gegangen bist, die dir das Pferd erteilt.<\/p>\n<p>[\/et_pb_testimonial][et_pb_text quote_border_color=&#8220;#1f5472&#8243; _builder_version=&#8220;3.27.4&#8243; text_font=&#8220;||||||||&#8220; text_text_color=&#8220;#2d2d2c&#8220; text_font_size=&#8220;15px&#8220; quote_font=&#8220;|700|||||||&#8220; quote_text_align=&#8220;left&#8220; quote_text_color=&#8220;#fcbf2c&#8220; header_font=&#8220;Lato|||on|||||&#8220; header_text_color=&#8220;#2d2d2c&#8220; background_layout=&#8220;dark&#8220; custom_padding=&#8220;||21px|||&#8220; _i=&#8220;1&#8243; _address=&#8220;2.0.0.1&#8243;]<\/p>\n<blockquote><\/blockquote>\n<p class=\"aLF-aPX-K0-aPE\"><span>Auch prophylaktisch zur Gesundheitserhaltung Ihres Pferdes eine effektive Art ihr Pferd zu trainieren. Sinnvolles Training ist die beste Gesundheitsvorsorge f\u00fcr Ihr Pferd. <\/span><\/p>\n<p class=\"aLF-aPX-K0-aPE\"><span>Jedes Pferd, egal ob Freizeit- oder Sportpferd (wir reiten auf einer Br\u00fcckenkonstruktion), egal welche Rasse, Alter oder Ausbildungsstand, sollte biomechanisch richtig gymnastiziert werden, denn nur ein gut funktionierender K\u00f6rper ist ein gesunder K\u00f6rper. <\/span><\/p>\n<p class=\"aLF-aPX-K0-aPE\"><span>Nach Verletzungsphasen oder in der Rekonvaleszenz ist dies ein effektives Training um Muskeln aufzubauen und das Pferd ins Gleichgewicht zu bringen.<\/span><\/p>\n<p class=\"aLF-aPX-K0-aPE\" style=\"padding-left: 30px;\"><span>Aufbau der Muskulatur durch ausgewogenes Training und gezielte Lektionen z.B. bei R\u00fcckenproblemen <\/span><\/p>\n<p class=\"aLF-aPX-K0-aPE\" style=\"padding-left: 30px;\"><span>Bewegungsverbesserung-Biegsamkeit <\/span><\/p>\n<p class=\"aLF-aPX-K0-aPE\" style=\"padding-left: 30px;\"><span>Verbesserung von Takt, Losgelassenheit, Balance und Gleichgewicht <\/span><\/p>\n<p class=\"aLF-aPX-K0-aPE\" style=\"padding-left: 30px;\"><span>Mobilisation\/Flexion <\/span><\/p>\n<p class=\"aLF-aPX-K0-aPE\" style=\"padding-left: 30px;\"><span>St\u00e4rkung der Sehnen und B\u00e4nder durch sinnvolle \u00dcbungen <\/span><\/p>\n<p class=\"aLF-aPX-K0-aPE\" style=\"padding-left: 30px;\"><span>Verbesserung R\u00fcckent\u00e4tigkeit <\/span><\/p>\n<p class=\"aLF-aPX-K0-aPE\" style=\"padding-left: 30px;\"><span>Bei wiederkehrende Blockaden und Verspannungen <\/span><\/p>\n<p class=\"aLF-aPX-K0-aPE\" style=\"padding-left: 30px;\"><span>R\u00fcckenschmerzen, Atrophien <\/span><\/p>\n<p class=\"aLF-aPX-K0-aPE\" style=\"padding-left: 30px;\"><span>Verbesserung der Koordination und Konzentration <\/span><\/p>\n<p class=\"aLF-aPX-K0-aPE\" style=\"padding-left: 30px;\"><span>Freude an der Bewegung<\/span><\/p>\n<p>[\/et_pb_text][\/et_pb_column][\/et_pb_row][\/et_pb_section][et_pb_section fb_built=&#8220;1&#8243; _builder_version=&#8220;3.27.4&#8243; background_color=&#8220;rgba(0,72,114,0.68)&#8220; background_image=&#8220;http:\/\/therapie-und-reiten.de\/wp-content\/uploads\/2019\/12\/IMG-20190213-WA0017.jpg&#8220; parallax=&#8220;on&#8220; fb_built=&#8220;1&#8243; _i=&#8220;3&#8243; _address=&#8220;3&#8243;][et_pb_row _builder_version=&#8220;3.27.4&#8243; _i=&#8220;0&#8243; _address=&#8220;3.0&#8243;][et_pb_column type=&#8220;4_4&#8243; _builder_version=&#8220;3.27.4&#8243; _i=&#8220;0&#8243; _address=&#8220;3.0.0&#8243;][et_pb_testimonial author=&#8220;Ramona&#8220; quote_icon_color=&#8220;#fcbf2c&#8220; quote_icon_background_color=&#8220;#1f5472&#8243; _builder_version=&#8220;3.27.4&#8243; body_font_size=&#8220;15px&#8220; author_font=&#8220;|700||||on|||&#8220; author_text_align=&#8220;center&#8220; author_text_color=&#8220;#2d2d2c&#8220; author_font_size=&#8220;16px&#8220; background_color=&#8220;rgba(245,245,245,0.52)&#8220; custom_padding=&#8220;||15px|||&#8220; _i=&#8220;0&#8243; _address=&#8220;3.0.0.0&#8243;]<\/p>\n<p style=\"text-align: center;\"><span color=\"#2d2d2c\" size=\"4\" style=\"color: #2d2d2c; font-size: large;\">Liebe Bea, danke f\u00fcr das zweiw\u00f6chige Training bei dir. Cari\u00f1o hat vor dem Training gelahmt. Er konnte seine H\u00fcfte nicht mehr korrekt bewegen und hatte enorme Schwierigkeiten beim Trab und Galopp. Durch das Training haben wir es geschafft, dass er viel beweglicher wurde und die Lahmheit verschwunden ist. Er l\u00e4uft nun sehr entspannt, der Galopp ist viel ausbalancierter und kann auch wieder richtig galoppieren und ausschlagen. Abgesehen von der besseren physischen Verfassung haben wir folgende Punkte gelernt: Seiteng\u00e4nge an der Hand im Schritt und Trab, korrektes Longieren f\u00fcr die spezielle Gymnastizierung von Cari\u00f1o, Dehn\u00fcbungen zur Lockerung und Mobilisation, Spanischer Schritt, Stangenarbeit an der Hand und Longe, viel Hand- und Longenarbeit, Mobilisation von Schulter und Hinterhand, in Biegung und Stellung arbeiten, so dass er das Genick loslassen und den Hals fallen lassen kann. Auch dem 17-j\u00e4hrigen Andalusier konnten wir wieder zu mehr Lebensqualit\u00e4t und Beweglichkeit verhelfen.<\/span><\/p>\n<p>[\/et_pb_testimonial][\/et_pb_column][\/et_pb_row][\/et_pb_section]<\/p>\n","protected":false},"excerpt":{"rendered":"<p>[et_pb_section fb_built=&#8220;1&#8243; _builder_version=&#8220;3.27.4&#8243; background_color=&#8220;rgba(0,72,114,0.68)&#8220; background_image=&#8220;http:\/\/therapie-und-reiten.de\/wp-content\/uploads\/2020\/02\/200202_Banner_1920x150_kleiner_40prozent-GOLD.jpg&#8220; parallax=&#8220;on&#8220; max_height=&#8220;200px&#8220; custom_padding=&#8220;0px||9px|||&#8220; fb_built=&#8220;1&#8243; _i=&#8220;0&#8243; _address=&#8220;0&#8243;][et_pb_row _builder_version=&#8220;3.27.4&#8243; min_height=&#8220;109px&#8220; custom_padding=&#8220;31px||20px|||&#8220; _i=&#8220;0&#8243; _address=&#8220;0.0&#8243;][et_pb_column type=&#8220;4_4&#8243; _builder_version=&#8220;3.27.4&#8243; _i=&#8220;0&#8243; _address=&#8220;0.0.0&#8243;][et_pb_text _builder_version=&#8220;3.27.4&#8243; text_font=&#8220;|700||on|||||&#8220; text_text_color=&#8220;#2d2d2c&#8220; text_font_size=&#8220;30px&#8220; text_line_height=&#8220;1.75em&#8220; background_color=&#8220;#1f5472&#8243; border_width_all=&#8220;1px&#8220; border_color_all=&#8220;#fcbf2c&#8220; hover_enabled=&#8220;0&#8243; _i=&#8220;0&#8243; [&hellip;]<\/p>\n","protected":false},"author":1,"featured_media":0,"parent":0,"menu_order":0,"comment_status":"closed","ping_status":"closed","template":"","meta":{"_et_pb_use_builder":"on","_et_pb_old_content":"","_expiration-date-status":"","_expiration-date":0,"_expiration-date-type":"","_expiration-date-categories":[],"_expiration-date-options":[]},"_links":{"self":[{"href":"https:\/\/therapie-und-reiten.de\/index.php?rest_route=\/wp\/v2\/pages\/510"}],"collection":[{"href":"https:\/\/therapie-und-reiten.de\/index.php?rest_route=\/wp\/v2\/pages"}],"about":[{"href":"https:\/\/therapie-und-reiten.de\/index.php?rest_route=\/wp\/v2\/types\/page"}],"author":[{"embeddable":true,"href":"https:\/\/therapie-und-reiten.de\/index.php?rest_route=\/wp\/v2\/users\/1"}],"replies":[{"embeddable":true,"href":"https:\/\/therapie-und-reiten.de\/index.php?rest_route=%2Fwp%2Fv2%2Fcomments&post=510"}],"version-history":[{"count":14,"href":"https:\/\/therapie-und-reiten.de\/index.php?rest_route=\/wp\/v2\/pages\/510\/revisions"}],"predecessor-version":[{"id":965,"href":"https:\/\/therapie-und-reiten.de\/index.php?rest_route=\/wp\/v2\/pages\/510\/revisions\/965"}],"wp:attachment":[{"href":"https:\/\/therapie-und-reiten.de\/index.php?rest_route=%2Fwp%2Fv2%2Fmedia&parent=510"}],"curies":[{"name":"wp","href":"https:\/\/api.w.org\/{rel}","templated":true}]}}