{"id":508,"date":"2020-01-17T14:22:48","date_gmt":"2020-01-17T13:22:48","guid":{"rendered":"http:\/\/therapie-und-reiten.de\/?page_id=508"},"modified":"2020-02-03T14:10:00","modified_gmt":"2020-02-03T13:10:00","slug":"unterstellmoglichkeiten","status":"publish","type":"page","link":"https:\/\/therapie-und-reiten.de\/?page_id=508","title":{"rendered":"Unterstellm\u00f6glichkeiten"},"content":{"rendered":"<p>[et_pb_section fb_built=&#8220;1&#8243; _builder_version=&#8220;3.27.4&#8243; background_color=&#8220;rgba(0,72,114,0.68)&#8220; background_image=&#8220;http:\/\/therapie-und-reiten.de\/wp-content\/uploads\/2020\/02\/200202_Banner_1920x150_kleiner_40prozent-GOLD.jpg&#8220; parallax=&#8220;on&#8220; max_height=&#8220;200px&#8220; custom_padding=&#8220;0px||9px|||&#8220; fb_built=&#8220;1&#8243; _i=&#8220;0&#8243; _address=&#8220;0&#8243;][et_pb_row _builder_version=&#8220;3.27.4&#8243; min_height=&#8220;109px&#8220; custom_padding=&#8220;31px||20px|||&#8220; _i=&#8220;0&#8243; _address=&#8220;0.0&#8243;][et_pb_column type=&#8220;4_4&#8243; _builder_version=&#8220;3.27.4&#8243; _i=&#8220;0&#8243; _address=&#8220;0.0.0&#8243;][et_pb_text _builder_version=&#8220;3.27.4&#8243; text_font=&#8220;|700||on|||||&#8220; text_text_color=&#8220;#2d2d2c&#8220; text_font_size=&#8220;30px&#8220; text_line_height=&#8220;1.75em&#8220; background_color=&#8220;#1f5472&#8243; border_width_all=&#8220;1px&#8220; border_color_all=&#8220;#fcbf2c&#8220; _i=&#8220;0&#8243; _address=&#8220;0.0.0.0&#8243;]<\/p>\n<p style=\"text-align: center;\"><span style=\"color: #fcbf2c;\">Unterstell<span style=\"font-size: xx-small;\">\u00a0<\/span><\/span><span style=\"color: #fcbf2c;\">m\u00f6glichkeiten<\/span><\/p>\n<p>[\/et_pb_text][\/et_pb_column][\/et_pb_row][\/et_pb_section][et_pb_section fb_built=&#8220;1&#8243; fullwidth=&#8220;on&#8220; _builder_version=&#8220;3.27.4&#8243; fb_built=&#8220;1&#8243; _i=&#8220;1&#8243; _address=&#8220;1&#8243;][et_pb_fullwidth_slider arrows_custom_color=&#8220;#1f5472&#8243; dot_nav_custom_color=&#8220;#fcbf2c&#8220; _builder_version=&#8220;3.27.4&#8243; height=&#8220;450px&#8220; max_height=&#8220;722px&#8220; custom_margin=&#8220;30px||||false|false&#8220; auto=&#8220;on&#8220; auto_speed=&#8220;4000&#8243; _i=&#8220;0&#8243; _address=&#8220;1.0&#8243;][et_pb_slide _builder_version=&#8220;3.27.4&#8243; background_color=&#8220;rgba(0,0,0,0)&#8220; background_enable_color=&#8220;on&#8220; background_image=&#8220;http:\/\/therapie-und-reiten.de\/wp-content\/uploads\/2020\/02\/Unterstellmoeglichkeit1.jpg&#8220; background_enable_image=&#8220;on&#8220; background_size=&#8220;contain&#8220; hover_enabled=&#8220;0&#8243; _i=&#8220;0&#8243; _address=&#8220;1.0.0&#8243;][\/et_pb_slide][et_pb_slide _builder_version=&#8220;3.27.4&#8243; background_color=&#8220;rgba(0,0,0,0)&#8220; background_enable_color=&#8220;on&#8220; background_image=&#8220;http:\/\/therapie-und-reiten.de\/wp-content\/uploads\/2020\/02\/fotos-2020.jpg&#8220; background_enable_image=&#8220;on&#8220; background_size=&#8220;contain&#8220; background_position=&#8220;top_center&#8220; hover_enabled=&#8220;0&#8243; _i=&#8220;1&#8243; _address=&#8220;1.0.1&#8243;][\/et_pb_slide][et_pb_slide _builder_version=&#8220;3.27.4&#8243; background_color=&#8220;rgba(0,0,0,0)&#8220; background_enable_color=&#8220;on&#8220; background_image=&#8220;http:\/\/therapie-und-reiten.de\/wp-content\/uploads\/2020\/02\/Honey-Attilla-Koppel-Schnee.jpg&#8220; background_enable_image=&#8220;on&#8220; background_size=&#8220;contain&#8220; background_position=&#8220;top_center&#8220; hover_enabled=&#8220;0&#8243; _i=&#8220;2&#8243; _address=&#8220;1.0.2&#8243;][\/et_pb_slide][\/et_pb_fullwidth_slider][\/et_pb_section][et_pb_section fb_built=&#8220;1&#8243; _builder_version=&#8220;3.27.4&#8243; background_color=&#8220;rgba(0,0,0,0)&#8220; custom_padding=&#8220;0|0px|0px|0px&#8220; fb_built=&#8220;1&#8243; _i=&#8220;2&#8243; _address=&#8220;2&#8243;][et_pb_row use_custom_gutter=&#8220;on&#8220; gutter_width=&#8220;1&#8243; make_equal=&#8220;on&#8220; module_class=&#8220; et_pb_row_fullwidth&#8220; _builder_version=&#8220;3.27.4&#8243; width=&#8220;100%&#8220; width_tablet=&#8220;100%&#8220; width_last_edited=&#8220;on|desktop&#8220; max_width=&#8220;100%&#8220; max_width_tablet=&#8220;100%&#8220; max_width_last_edited=&#8220;on|desktop&#8220; custom_padding=&#8220;0|0px|0px|0px||&#8220; make_fullwidth=&#8220;on&#8220; _i=&#8220;0&#8243; _address=&#8220;2.0&#8243;][et_pb_column type=&#8220;4_4&#8243; _builder_version=&#8220;3.25&#8243; custom_padding=&#8220;|||&#8220; custom_css_main_element=&#8220;padding: 50px;&#8220; custom_css_main=&#8220;padding: 50px;&#8220; _i=&#8220;0&#8243; _address=&#8220;2.0.0&#8243; custom_padding__hover=&#8220;|||&#8220;][et_pb_text _builder_version=&#8220;3.27.4&#8243; text_font=&#8220;||||||||&#8220; text_text_color=&#8220;#2d2d2c&#8220; header_font=&#8220;Lato||||||||&#8220; header_text_color=&#8220;#2d2d2c&#8220; header_font_size=&#8220;67px&#8220; background_layout=&#8220;dark&#8220; custom_padding=&#8220;||28px|0px||&#8220; _i=&#8220;0&#8243; _address=&#8220;2.0.0.0&#8243;]<\/p>\n<p><span>Bei uns sind Sie auch ohne Pferd jederzeit willkommen!<\/span><\/p>\n<p><span>Falls Sie jedoch einen Stellplatz f\u00fcr Ihr eigenes Pferd suchen, k\u00f6nnen Sie auch in diesem Fall bei uns f\u00fcndig werden!<\/span><\/p>\n<p><span>Hier sind die Services, die wir Ihnen und Ihrem Pferd anbieten:<\/span><\/p>\n<p>[\/et_pb_text][et_pb_text _builder_version=&#8220;3.27.4&#8243; text_text_color=&#8220;#2d2d2c&#8220; custom_margin=&#8220;|-8px||-3px|false|false&#8220; custom_padding=&#8220;||0px|||&#8220; _i=&#8220;1&#8243; _address=&#8220;2.0.0.1&#8243;]<\/p>\n<table border=\"0\" width=\"408\" height=\"478\" style=\"float: left;\">\n<tbody>\n<tr>\n<td style=\"width: 1321.11px;\"><span>Auch f\u00fcr Hengste<\/span><\/td>\n<td style=\"width: 1321.11px;\"><span>Paddockboxen<\/span><\/td>\n<\/tr>\n<tr>\n<td style=\"width: 1321.11px;\">Heu, Hafer, Vitamine<\/td>\n<td style=\"width: 1321.11px;\">Reitplatz (beleuchtet)<\/td>\n<\/tr>\n<tr>\n<td style=\"width: 1321.11px;\">Rundhalle (20m)<\/td>\n<td style=\"width: 1321.11px;\">Geregelter Auslauf<\/td>\n<\/tr>\n<tr>\n<td style=\"width: 1321.11px;\"><span>Putzplatz mit Waschm\u00f6glichkeit<\/span><\/td>\n<td style=\"width: 1321.11px;\">Nette Stallgemeinschaft<span><\/span><\/td>\n<\/tr>\n<tr>\n<td style=\"width: 1321.11px;\">Sch\u00f6nes Ausreitgel\u00e4nde<\/td>\n<td style=\"width: 1321.11px;\">Toilette<\/td>\n<\/tr>\n<tr>\n<td style=\"width: 1321.11px;\">Sattelkammer<\/td>\n<td style=\"width: 1321.11px;\">Unterst\u00fctzung beim Ankauf eines Pferdes<\/td>\n<\/tr>\n<tr>\n<td style=\"width: 1321.11px;\">Wahlweise Beritt, Unterricht, Training<\/td>\n<td style=\"width: 1321.11px;\">Bodenarbeit, Handarbeit<\/td>\n<\/tr>\n<\/tbody>\n<\/table>\n<p>&nbsp;<\/p>\n<p>[\/et_pb_text][\/et_pb_column][\/et_pb_row][\/et_pb_section][et_pb_section fb_built=&#8220;1&#8243; admin_label=&#8220;Section&#8220; _builder_version=&#8220;3.27.4&#8243; background_color=&#8220;#ffffff&#8220; custom_padding=&#8220;0|0px|0px|0px&#8220; collapsed=&#8220;off&#8220; fb_built=&#8220;1&#8243; _i=&#8220;3&#8243; _address=&#8220;3&#8243;][et_pb_row column_structure=&#8220;1_2,1_2&#8243; use_custom_gutter=&#8220;on&#8220; gutter_width=&#8220;1&#8243; make_equal=&#8220;on&#8220; module_class=&#8220; et_pb_row_fullwidth&#8220; _builder_version=&#8220;3.27.4&#8243; width=&#8220;100%&#8220; width_tablet=&#8220;100%&#8220; width_last_edited=&#8220;on|phone&#8220; max_width=&#8220;100%&#8220; max_width_tablet=&#8220;100%&#8220; max_width_last_edited=&#8220;on|desktop&#8220; custom_margin=&#8220;-79px|auto||auto||&#8220; custom_padding=&#8220;0px|0px|0px|0px||&#8220; make_fullwidth=&#8220;on&#8220; _i=&#8220;0&#8243; _address=&#8220;3.0&#8243;][et_pb_column type=&#8220;1_2&#8243; _builder_version=&#8220;3.25&#8243; custom_padding=&#8220;|||&#8220; custom_css_main_element=&#8220;padding: 50px;&#8220; custom_css_main=&#8220;padding: 50px;&#8220; _i=&#8220;0&#8243; _address=&#8220;3.0.0&#8243; custom_padding__hover=&#8220;|||&#8220;][et_pb_button button_url=&#8220;@ET-DC@eyJkeW5hbWljIjp0cnVlLCJjb250ZW50IjoicG9zdF9saW5rX3VybF9wYWdlIiwic2V0dGluZ3MiOnsicG9zdF9pZCI6IjM4MSJ9fQ==@&#8220; button_text=&#8220;Preise&#8220; button_alignment=&#8220;center&#8220; disabled_on=&#8220;off|off|off&#8220; _builder_version=&#8220;3.27.4&#8243; _dynamic_attributes=&#8220;button_url&#8220; custom_button=&#8220;on&#8220; button_text_color=&#8220;#fcbf2c&#8220; button_bg_color=&#8220;#1f5472&#8243; locked=&#8220;off&#8220; _i=&#8220;0&#8243; _address=&#8220;3.0.0.0&#8243; button_bg_enable_color=&#8220;on&#8220;][\/et_pb_button][\/et_pb_column][et_pb_column type=&#8220;1_2&#8243; _builder_version=&#8220;3.25&#8243; custom_padding=&#8220;|||&#8220; custom_css_main_element=&#8220;padding: 50px;&#8220; custom_css_main=&#8220;padding: 50px;&#8220; _i=&#8220;1&#8243; _address=&#8220;3.0.1&#8243; custom_padding__hover=&#8220;|||&#8220;][et_pb_button button_url=&#8220;@ET-DC@eyJkeW5hbWljIjp0cnVlLCJjb250ZW50IjoicG9zdF9saW5rX3VybF9wYWdlIiwic2V0dGluZ3MiOnsicG9zdF9pZCI6IjMwOCJ9fQ==@&#8220; button_text=&#8220;Kontakt&#8220; button_alignment=&#8220;center&#8220; disabled_on=&#8220;off|off|off&#8220; _builder_version=&#8220;3.27.4&#8243; _dynamic_attributes=&#8220;button_url&#8220; custom_button=&#8220;on&#8220; button_text_color=&#8220;#fcbf2c&#8220; button_bg_color=&#8220;#1f5472&#8243; locked=&#8220;off&#8220; _i=&#8220;0&#8243; _address=&#8220;3.0.1.0&#8243; button_bg_enable_color=&#8220;on&#8220;][\/et_pb_button][\/et_pb_column][\/et_pb_row][\/et_pb_section]<\/p>\n","protected":false},"excerpt":{"rendered":"<p>[et_pb_section fb_built=&#8220;1&#8243; _builder_version=&#8220;3.27.4&#8243; background_color=&#8220;rgba(0,72,114,0.68)&#8220; background_image=&#8220;http:\/\/therapie-und-reiten.de\/wp-content\/uploads\/2020\/02\/200202_Banner_1920x150_kleiner_40prozent-GOLD.jpg&#8220; parallax=&#8220;on&#8220; max_height=&#8220;200px&#8220; custom_padding=&#8220;0px||9px|||&#8220; fb_built=&#8220;1&#8243; _i=&#8220;0&#8243; _address=&#8220;0&#8243;][et_pb_row _builder_version=&#8220;3.27.4&#8243; min_height=&#8220;109px&#8220; custom_padding=&#8220;31px||20px|||&#8220; _i=&#8220;0&#8243; _address=&#8220;0.0&#8243;][et_pb_column type=&#8220;4_4&#8243; _builder_version=&#8220;3.27.4&#8243; _i=&#8220;0&#8243; _address=&#8220;0.0.0&#8243;][et_pb_text _builder_version=&#8220;3.27.4&#8243; text_font=&#8220;|700||on|||||&#8220; text_text_color=&#8220;#2d2d2c&#8220; text_font_size=&#8220;30px&#8220; text_line_height=&#8220;1.75em&#8220; background_color=&#8220;#1f5472&#8243; border_width_all=&#8220;1px&#8220; border_color_all=&#8220;#fcbf2c&#8220; _i=&#8220;0&#8243; _address=&#8220;0.0.0.0&#8243;] [&hellip;]<\/p>\n","protected":false},"author":1,"featured_media":0,"parent":0,"menu_order":0,"comment_status":"closed","ping_status":"closed","template":"","meta":{"_et_pb_use_builder":"on","_et_pb_old_content":"","_expiration-date-status":"","_expiration-date":0,"_expiration-date-type":"","_expiration-date-categories":[],"_expiration-date-options":[]},"_links":{"self":[{"href":"https:\/\/therapie-und-reiten.de\/index.php?rest_route=\/wp\/v2\/pages\/508"}],"collection":[{"href":"https:\/\/therapie-und-reiten.de\/index.php?rest_route=\/wp\/v2\/pages"}],"about":[{"href":"https:\/\/therapie-und-reiten.de\/index.php?rest_route=\/wp\/v2\/types\/page"}],"author":[{"embeddable":true,"href":"https:\/\/therapie-und-reiten.de\/index.php?rest_route=\/wp\/v2\/users\/1"}],"replies":[{"embeddable":true,"href":"https:\/\/therapie-und-reiten.de\/index.php?rest_route=%2Fwp%2Fv2%2Fcomments&post=508"}],"version-history":[{"count":21,"href":"https:\/\/therapie-und-reiten.de\/index.php?rest_route=\/wp\/v2\/pages\/508\/revisions"}],"predecessor-version":[{"id":1012,"href":"https:\/\/therapie-und-reiten.de\/index.php?rest_route=\/wp\/v2\/pages\/508\/revisions\/1012"}],"wp:attachment":[{"href":"https:\/\/therapie-und-reiten.de\/index.php?rest_route=%2Fwp%2Fv2%2Fmedia&parent=508"}],"curies":[{"name":"wp","href":"https:\/\/api.w.org\/{rel}","templated":true}]}}