{"id":486,"date":"2020-01-16T16:13:10","date_gmt":"2020-01-16T15:13:10","guid":{"rendered":"http:\/\/therapie-und-reiten.de\/?page_id=486"},"modified":"2020-02-03T14:07:51","modified_gmt":"2020-02-03T13:07:51","slug":"pferdeausbildung","status":"publish","type":"page","link":"https:\/\/therapie-und-reiten.de\/?page_id=486","title":{"rendered":"Pferdeausbildung"},"content":{"rendered":"<p>[et_pb_section fb_built=&#8220;1&#8243; _builder_version=&#8220;3.27.4&#8243; background_color=&#8220;rgba(0,72,114,0.68)&#8220; background_image=&#8220;http:\/\/therapie-und-reiten.de\/wp-content\/uploads\/2020\/02\/200202_Banner_1920x150_kleiner_40prozent-GOLD.jpg&#8220; parallax=&#8220;on&#8220; max_height=&#8220;200px&#8220; custom_padding=&#8220;0px||9px|||&#8220; fb_built=&#8220;1&#8243; _i=&#8220;0&#8243; _address=&#8220;0&#8243;][et_pb_row _builder_version=&#8220;3.27.4&#8243; min_height=&#8220;109px&#8220; custom_padding=&#8220;31px||20px|||&#8220; _i=&#8220;0&#8243; _address=&#8220;0.0&#8243;][et_pb_column type=&#8220;4_4&#8243; _builder_version=&#8220;3.27.4&#8243; _i=&#8220;0&#8243; _address=&#8220;0.0.0&#8243;][et_pb_text _builder_version=&#8220;3.27.4&#8243; text_font=&#8220;|700||on|||||&#8220; text_text_color=&#8220;#2d2d2c&#8220; text_font_size=&#8220;29px&#8220; text_line_height=&#8220;1.75em&#8220; background_color=&#8220;#1f5472&#8243; border_width_all=&#8220;1px&#8220; border_color_all=&#8220;#fcbf2c&#8220; hover_enabled=&#8220;0&#8243; _i=&#8220;0&#8243; _address=&#8220;0.0.0.0&#8243; width=&#8220;100%&#8220;]<\/p>\n<p style=\"text-align: center;\"><span style=\"color: #fcbf2c;\">Pferdeausbildung<\/span><\/p>\n<p>[\/et_pb_text][\/et_pb_column][\/et_pb_row][\/et_pb_section][et_pb_section fb_built=&#8220;1&#8243; fullwidth=&#8220;on&#8220; _builder_version=&#8220;3.27.4&#8243; fb_built=&#8220;1&#8243; _i=&#8220;1&#8243; _address=&#8220;1&#8243;][et_pb_fullwidth_slider arrows_custom_color=&#8220;#1f5472&#8243; dot_nav_custom_color=&#8220;#fcbf2c&#8220; _builder_version=&#8220;3.27.4&#8243; height=&#8220;450px&#8220; max_height=&#8220;722px&#8220; custom_margin=&#8220;30px||||false|false&#8220; auto=&#8220;on&#8220; auto_speed=&#8220;4000&#8243; _i=&#8220;0&#8243; _address=&#8220;1.0&#8243;][et_pb_slide _builder_version=&#8220;3.27.4&#8243; background_color=&#8220;rgba(0,0,0,0)&#8220; background_enable_color=&#8220;on&#8220; background_image=&#8220;http:\/\/therapie-und-reiten.de\/wp-content\/uploads\/2019\/12\/IMG-20190523-WA0012.jpg&#8220; background_enable_image=&#8220;on&#8220; background_size=&#8220;contain&#8220; hover_enabled=&#8220;0&#8243; _i=&#8220;0&#8243; _address=&#8220;1.0.0&#8243;][\/et_pb_slide][et_pb_slide _builder_version=&#8220;3.27.4&#8243; background_color=&#8220;rgba(0,0,0,0)&#8220; background_enable_color=&#8220;on&#8220; background_image=&#8220;http:\/\/therapie-und-reiten.de\/wp-content\/uploads\/2019\/12\/IMG_3188.jpg&#8220; background_enable_image=&#8220;on&#8220; background_size=&#8220;contain&#8220; background_position=&#8220;top_center&#8220; hover_enabled=&#8220;0&#8243; _i=&#8220;1&#8243; _address=&#8220;1.0.1&#8243;][\/et_pb_slide][et_pb_slide _builder_version=&#8220;3.27.4&#8243; background_color=&#8220;rgba(0,0,0,0)&#8220; background_enable_color=&#8220;on&#8220; background_image=&#8220;http:\/\/therapie-und-reiten.de\/wp-content\/uploads\/2019\/12\/20190427_2230132.jpg&#8220; background_enable_image=&#8220;on&#8220; background_size=&#8220;contain&#8220; background_position=&#8220;top_center&#8220; hover_enabled=&#8220;0&#8243; _i=&#8220;2&#8243; _address=&#8220;1.0.2&#8243;][\/et_pb_slide][\/et_pb_fullwidth_slider][\/et_pb_section][et_pb_section fb_built=&#8220;1&#8243; _builder_version=&#8220;3.27.4&#8243; fb_built=&#8220;1&#8243; _i=&#8220;2&#8243; _address=&#8220;2&#8243;][et_pb_row _builder_version=&#8220;3.27.4&#8243; custom_margin=&#8220;|auto||113px||&#8220; _i=&#8220;0&#8243; _address=&#8220;2.0&#8243;][et_pb_column type=&#8220;4_4&#8243; _builder_version=&#8220;3.27.4&#8243; _i=&#8220;0&#8243; _address=&#8220;2.0.0&#8243;][et_pb_text _builder_version=&#8220;3.27.4&#8243; _i=&#8220;0&#8243; _address=&#8220;2.0.0.0&#8243;]<\/p>\n<p class=\"aLF-aPX-K0-aPE\"><span color=\"#2d2d2c\" style=\"color: #2d2d2c;\"><span style=\"font-size: 18px;\"><b>PFERDEAUSBILDUNG<\/b><\/span><\/span><\/p>\n<p class=\"aLF-aPX-K0-aPE\"><span style=\"color: #2d2d2c;\">Unsere verschiedenen Arbeitsweisen am Pferd erm\u00f6glichen es den Tieren, ohne Reitergewicht unter anderem die L\u00e4ngsbiegung zu erarbeiten und die Durchl\u00e4ssigkeit und Losgelassenheit zu f\u00f6rdern. Sie bieten\u00a0<\/span><span style=\"color: #2d2d2c; font-size: 14px;\">hervorragende M\u00f6glichkeiten, eventuelle pathologische Ver\u00e4nderungen am Muskulatur-, Sehnen- und Bandapparat oder am Skelett zu bearbeiten. <\/span><\/p>\n<p class=\"aLF-aPX-K0-aPE\"><span style=\"color: #2d2d2c; font-size: 14px;\">Somit wird der Gesundheitszustand verbessert, durch gezielte \u00dcbungen der Muskelaufbau gef\u00f6rdert, und die ganzheitliche Arbeit mit dem Pferd stellt ein gesundheitserhaltendes Training unter Ber\u00fccksichtigung von Anatomie und Biomechanik dar.<\/span><\/p>\n<p class=\"aLF-aPX-K0-aPE\"><span style=\"color: #2d2d2c; font-size: 14px;\"><\/span><\/p>\n<p class=\"aLF-aPX-K0-aPE\"><span style=\"color: #2d2d2c; font-size: 14px;\"><span><strong>Handarbeit &#8211; Bodenarbeit &#8211; Longenarbeit &#8211; Kappzaumarbeit<\/strong><\/span><\/span><\/p>\n<p class=\"aLF-aPX-K0-aPE\"><span style=\"color: #2d2d2c; font-size: 14px;\">Ein Training an der Hand ist eine gute Gesundheitsvorsorge f\u00fcr jede Pferderasse, Gr\u00f6\u00dfe und Alter des Pferdes. Gesunde Pferde profitieren von der Boden-Handarbeit, so k\u00f6nnen Korrekturen durchgef\u00fchrt werden, Abwechslung in den Trainingsalltag eingebaut werden und es dient als sinnvolle Besch\u00e4ftigung, Ihr Pferd gesund zu bewegen. <\/span><\/p>\n<p class=\"aLF-aPX-K0-aPE\"><span style=\"color: #2d2d2c; font-size: 14px;\">Bewegungsabl\u00e4ufe, die das Pferd vom Boden aus verstanden hat, sind vom Sattel aus leicht abrufbar.<\/span><\/p>\n<p class=\"aLF-aPX-K0-aPE\"><span style=\"font-size: 14px; color: #2d2d2c;\">Unter Ber\u00fccksichtigung der Balance und des Gleichgewichts erarbeiten Sie die Biegsamkeit f\u00fcr die Seiteng\u00e4nge an der Hand sowie eine der wertvollsten Lektionen \u2014 die <\/span><strong style=\"font-size: 14px; color: #2d2d2c;\">Piaffe<\/strong><span style=\"font-size: 14px; color: #2d2d2c;\">.<\/span><\/p>\n<p class=\"aLF-aPX-K0-aPE\"><span style=\"color: #2d2d2c; font-size: 14px;\">Die optimale L\u00f6sung zu gymnastizieren! Gerne mit Ihrem eigenen Pferd oder mit einem unserer Pferde.<\/span><\/p>\n<p style=\"padding-left: 30px;\"><span style=\"color: #2d2d2c;\">Bessere Kommunikation <\/span><\/p>\n<p style=\"padding-left: 30px;\"><span style=\"color: #2d2d2c;\">Klare K\u00f6rpersprache <\/span><\/p>\n<p style=\"padding-left: 30px;\"><span style=\"color: #2d2d2c;\">Gesunde Gymnastizierung <\/span><\/p>\n<p style=\"padding-left: 30px;\"><span style=\"color: #2d2d2c;\">Kr\u00e4ftigung der Muskulatur <\/span><\/p>\n<p style=\"padding-left: 30px;\"><span style=\"color: #2d2d2c;\">Gleichgewicht, Balance <\/span><\/p>\n<p style=\"padding-left: 30px;\"><span style=\"color: #2d2d2c;\">Koordination, K\u00f6rperwahrnehmung <\/span><\/p>\n<p style=\"padding-left: 30px;\"><span style=\"color: #2d2d2c;\">Abwechslung im Alltag<\/span><\/p>\n<p>[\/et_pb_text][\/et_pb_column][\/et_pb_row][\/et_pb_section][et_pb_section fb_built=&#8220;1&#8243; _builder_version=&#8220;3.27.4&#8243; background_color=&#8220;rgba(0,72,114,0.68)&#8220; background_image=&#8220;http:\/\/therapie-und-reiten.de\/wp-content\/uploads\/2019\/12\/IMG-20190213-WA0017.jpg&#8220; parallax=&#8220;on&#8220; fb_built=&#8220;1&#8243; _i=&#8220;3&#8243; _address=&#8220;3&#8243;][et_pb_row _builder_version=&#8220;3.27.4&#8243; _i=&#8220;0&#8243; _address=&#8220;3.0&#8243;][et_pb_column type=&#8220;4_4&#8243; _builder_version=&#8220;3.27.4&#8243; _i=&#8220;0&#8243; _address=&#8220;3.0.0&#8243;][et_pb_testimonial author=&#8220;Heike&#8220; quote_icon_color=&#8220;#fcbf2c&#8220; quote_icon_background_color=&#8220;#1f5472&#8243; _builder_version=&#8220;3.27.4&#8243; body_font_size=&#8220;15px&#8220; author_font=&#8220;|700||||on|||&#8220; author_text_align=&#8220;center&#8220; author_text_color=&#8220;#2d2d2c&#8220; author_font_size=&#8220;16px&#8220; background_color=&#8220;rgba(245,245,245,0.52)&#8220; custom_padding=&#8220;||15px|||&#8220; _i=&#8220;0&#8243; _address=&#8220;3.0.0.0&#8243;]<\/p>\n<p style=\"text-align: center;\"><span color=\"#2d2d2c\" size=\"4\" style=\"color: #2d2d2c; font-size: large;\">Ich habe kein unwohles Gef\u00fchl mehr, was passieren k\u00f6nnte. Ich kann ihn f\u00fchren, ohne Angst zu haben, dass er wieder abhaut. Ich kann ihn putzen, ohne dass er von einer Seite auf die andere springt. Ohne Dich w\u00e4re das alles nicht m\u00f6glich gewesen. Lieben Dank f\u00fcr alles, Bea!<\/span><\/p>\n<p>[\/et_pb_testimonial][\/et_pb_column][\/et_pb_row][\/et_pb_section]<\/p>\n","protected":false},"excerpt":{"rendered":"<p>[et_pb_section fb_built=&#8220;1&#8243; _builder_version=&#8220;3.27.4&#8243; background_color=&#8220;rgba(0,72,114,0.68)&#8220; background_image=&#8220;http:\/\/therapie-und-reiten.de\/wp-content\/uploads\/2020\/02\/200202_Banner_1920x150_kleiner_40prozent-GOLD.jpg&#8220; parallax=&#8220;on&#8220; max_height=&#8220;200px&#8220; custom_padding=&#8220;0px||9px|||&#8220; fb_built=&#8220;1&#8243; _i=&#8220;0&#8243; _address=&#8220;0&#8243;][et_pb_row _builder_version=&#8220;3.27.4&#8243; min_height=&#8220;109px&#8220; custom_padding=&#8220;31px||20px|||&#8220; _i=&#8220;0&#8243; _address=&#8220;0.0&#8243;][et_pb_column type=&#8220;4_4&#8243; _builder_version=&#8220;3.27.4&#8243; _i=&#8220;0&#8243; _address=&#8220;0.0.0&#8243;][et_pb_text _builder_version=&#8220;3.27.4&#8243; text_font=&#8220;|700||on|||||&#8220; text_text_color=&#8220;#2d2d2c&#8220; text_font_size=&#8220;29px&#8220; text_line_height=&#8220;1.75em&#8220; background_color=&#8220;#1f5472&#8243; border_width_all=&#8220;1px&#8220; border_color_all=&#8220;#fcbf2c&#8220; hover_enabled=&#8220;0&#8243; _i=&#8220;0&#8243; [&hellip;]<\/p>\n","protected":false},"author":1,"featured_media":0,"parent":0,"menu_order":0,"comment_status":"closed","ping_status":"closed","template":"","meta":{"_et_pb_use_builder":"on","_et_pb_old_content":"","_expiration-date-status":"","_expiration-date":0,"_expiration-date-type":"","_expiration-date-categories":[],"_expiration-date-options":[]},"_links":{"self":[{"href":"https:\/\/therapie-und-reiten.de\/index.php?rest_route=\/wp\/v2\/pages\/486"}],"collection":[{"href":"https:\/\/therapie-und-reiten.de\/index.php?rest_route=\/wp\/v2\/pages"}],"about":[{"href":"https:\/\/therapie-und-reiten.de\/index.php?rest_route=\/wp\/v2\/types\/page"}],"author":[{"embeddable":true,"href":"https:\/\/therapie-und-reiten.de\/index.php?rest_route=\/wp\/v2\/users\/1"}],"replies":[{"embeddable":true,"href":"https:\/\/therapie-und-reiten.de\/index.php?rest_route=%2Fwp%2Fv2%2Fcomments&post=486"}],"version-history":[{"count":12,"href":"https:\/\/therapie-und-reiten.de\/index.php?rest_route=\/wp\/v2\/pages\/486\/revisions"}],"predecessor-version":[{"id":1010,"href":"https:\/\/therapie-und-reiten.de\/index.php?rest_route=\/wp\/v2\/pages\/486\/revisions\/1010"}],"wp:attachment":[{"href":"https:\/\/therapie-und-reiten.de\/index.php?rest_route=%2Fwp%2Fv2%2Fmedia&parent=486"}],"curies":[{"name":"wp","href":"https:\/\/api.w.org\/{rel}","templated":true}]}}