{"id":363,"date":"2019-12-18T21:46:59","date_gmt":"2019-12-18T20:46:59","guid":{"rendered":"http:\/\/therapie-und-reiten.de\/?page_id=363"},"modified":"2021-01-09T16:56:41","modified_gmt":"2021-01-09T15:56:41","slug":"fur-dein-pferd","status":"publish","type":"page","link":"https:\/\/therapie-und-reiten.de\/?page_id=363","title":{"rendered":"F\u00fcr Dein Pferd"},"content":{"rendered":"<p>[et_pb_section fb_built=&#8220;1&#8243; _builder_version=&#8220;3.27.4&#8243; background_color=&#8220;rgba(0,72,114,0.68)&#8220; background_image=&#8220;http:\/\/therapie-und-reiten.de\/wp-content\/uploads\/2020\/02\/200202_Banner_1920x150_kleiner_40prozent-GOLD.jpg&#8220; parallax=&#8220;on&#8220; max_height=&#8220;200px&#8220; custom_padding=&#8220;0px||9px|||&#8220; fb_built=&#8220;1&#8243; _i=&#8220;0&#8243; _address=&#8220;0&#8243;][et_pb_row _builder_version=&#8220;3.27.4&#8243; min_height=&#8220;109px&#8220; custom_padding=&#8220;31px||20px|||&#8220; _i=&#8220;0&#8243; _address=&#8220;0.0&#8243;][et_pb_column type=&#8220;4_4&#8243; _builder_version=&#8220;3.27.4&#8243; _i=&#8220;0&#8243; _address=&#8220;0.0.0&#8243;][et_pb_text _builder_version=&#8220;3.27.4&#8243; text_font=&#8220;|700||on|||||&#8220; text_text_color=&#8220;#2d2d2c&#8220; text_font_size=&#8220;30px&#8220; text_line_height=&#8220;1.75em&#8220; background_color=&#8220;#1f5472&#8243; border_width_all=&#8220;1px&#8220; border_color_all=&#8220;#fcbf2c&#8220; max_width=&#8220;44%&#8220; module_alignment=&#8220;center&#8220; max_height=&#8220;1000px&#8220; _i=&#8220;0&#8243; _address=&#8220;0.0.0.0&#8243;]<\/p>\n<p style=\"text-align: center;\"><span style=\"color: #fcbf2c;\">F\u00fcr Ihr Pferd<\/span><\/p>\n<p>[\/et_pb_text][\/et_pb_column][\/et_pb_row][\/et_pb_section][et_pb_section fb_built=&#8220;1&#8243; _builder_version=&#8220;3.27.4&#8243; box_shadow_style=&#8220;preset1&#8243; fb_built=&#8220;1&#8243; _i=&#8220;1&#8243; _address=&#8220;1&#8243;][et_pb_row column_structure=&#8220;1_4,1_4,1_4,1_4&#8243; use_custom_gutter=&#8220;on&#8220; gutter_width=&#8220;2&#8243; make_equal=&#8220;on&#8220; _builder_version=&#8220;3.27.4&#8243; width=&#8220;90%&#8220; max_width=&#8220;1920px&#8220; _i=&#8220;0&#8243; _address=&#8220;1.0&#8243;][et_pb_column type=&#8220;1_4&#8243; _builder_version=&#8220;3.27.4&#8243; _i=&#8220;0&#8243; _address=&#8220;1.0.0&#8243;][et_pb_blurb title=&#8220;Kommunikation &#8220; image=&#8220;http:\/\/therapie-und-reiten.de\/wp-content\/uploads\/2021\/01\/210109_Angiehof_Signet_gelb.png&#8220; image_max_width=&#8220;30%&#8220; _builder_version=&#8220;3.27.4&#8243; header_level=&#8220;h6&#8243; header_font=&#8220;Lato|700||on|||||&#8220; header_text_align=&#8220;center&#8220; header_text_color=&#8220;#2d2d2c&#8220; header_font_size=&#8220;21px&#8220; header_line_height=&#8220;1.2em&#8220; background_color=&#8220;rgba(0,0,0,0)&#8220; hover_enabled=&#8220;0&#8243; _i=&#8220;0&#8243; _address=&#8220;1.0.0.0&#8243;]<\/p>\n<p style=\"text-align: justify;\"><span style=\"color: #333333;\">Ein besonderes Anliegen ist es uns, Dir die beste Kommunikation mit Deinem Pferd zu vermitteln.<\/span><\/p>\n<p>[\/et_pb_blurb][et_pb_button button_url=&#8220;@ET-DC@eyJkeW5hbWljIjp0cnVlLCJjb250ZW50IjoicG9zdF9saW5rX3VybF9wYWdlIiwic2V0dGluZ3MiOnsicG9zdF9pZCI6IjQ0NSJ9fQ==@&#8220; button_text=&#8220;Mehr&#8230;&#8220; button_alignment=&#8220;center&#8220; _builder_version=&#8220;3.27.4&#8243; _dynamic_attributes=&#8220;button_url&#8220; custom_button=&#8220;on&#8220; button_text_color=&#8220;#fcbf2c&#8220; button_bg_color=&#8220;#1f5472&#8243; _i=&#8220;1&#8243; _address=&#8220;1.0.0.1&#8243; button_bg_enable_color=&#8220;on&#8220;][\/et_pb_button][\/et_pb_column][et_pb_column type=&#8220;1_4&#8243; _builder_version=&#8220;3.27.4&#8243; _i=&#8220;1&#8243; _address=&#8220;1.0.1&#8243;][et_pb_blurb title=&#8220;PferdeausbildunG &#8220; image=&#8220;http:\/\/therapie-und-reiten.de\/wp-content\/uploads\/2021\/01\/210109_Angiehof_Signet_blau.png&#8220; image_max_width=&#8220;30%&#8220; font_icon_last_edited=&#8220;off|desktop&#8220; _builder_version=&#8220;3.27.4&#8243; header_level=&#8220;h6&#8243; header_font=&#8220;Lato|700||on|||||&#8220; header_text_align=&#8220;center&#8220; header_text_color=&#8220;#2d2d2c&#8220; header_font_size=&#8220;21px&#8220; header_line_height=&#8220;1.2em&#8220; background_color=&#8220;rgba(0,0,0,0)&#8220; custom_margin=&#8220;0px||||false|false&#8220; hover_enabled=&#8220;0&#8243; _i=&#8220;0&#8243; _address=&#8220;1.0.1.0&#8243; font_icon__hover_enabled=&#8220;off|desktop&#8220;]<\/p>\n<p style=\"text-align: justify;\"><span style=\"color: #333333;\">Erfahre mehr \u00fcber die verschiedenen Arbeitsweisen, die Du im Einzeltraining erarbeiten kannst.<\/span><\/p>\n<p>[\/et_pb_blurb][et_pb_button button_url=&#8220;@ET-DC@eyJkeW5hbWljIjp0cnVlLCJjb250ZW50IjoicG9zdF9saW5rX3VybF9wYWdlIiwic2V0dGluZ3MiOnsicG9zdF9pZCI6IjQ4NiJ9fQ==@&#8220; button_text=&#8220;Mehr&#8230;&#8220; button_alignment=&#8220;center&#8220; _builder_version=&#8220;3.27.4&#8243; _dynamic_attributes=&#8220;button_url&#8220; custom_button=&#8220;on&#8220; button_text_color=&#8220;#fcbf2c&#8220; button_bg_color=&#8220;#1f5472&#8243; _i=&#8220;1&#8243; _address=&#8220;1.0.1.1&#8243; button_bg_enable_color=&#8220;on&#8220;][\/et_pb_button][\/et_pb_column][et_pb_column type=&#8220;1_4&#8243; _builder_version=&#8220;3.27.4&#8243; _i=&#8220;2&#8243; _address=&#8220;1.0.2&#8243;][et_pb_blurb title=&#8220;REHATRAINING&#8220; image=&#8220;http:\/\/therapie-und-reiten.de\/wp-content\/uploads\/2021\/01\/210109_Angiehof_Signet_gelb.png&#8220; image_max_width=&#8220;30%&#8220; font_icon_last_edited=&#8220;off|desktop&#8220; _builder_version=&#8220;3.27.4&#8243; header_level=&#8220;h6&#8243; header_font=&#8220;Lato|700||on|||||&#8220; header_text_align=&#8220;center&#8220; header_text_color=&#8220;#2d2d2c&#8220; header_font_size=&#8220;21px&#8220; header_line_height=&#8220;1.2em&#8220; background_color=&#8220;rgba(0,0,0,0)&#8220; custom_margin=&#8220;0px||||false|false&#8220; hover_enabled=&#8220;0&#8243; _i=&#8220;0&#8243; _address=&#8220;1.0.2.0&#8243; font_icon__hover_enabled=&#8220;off|desktop&#8220;]<\/p>\n<p style=\"text-align: justify;\"><span style=\"color: #333333;\">Wir helfen Deinem Pferd nach Ver-letzungen oder auch zur prophylaktischen Gesundheitserhaltung.<\/span><\/p>\n<p>[\/et_pb_blurb][et_pb_button button_url=&#8220;@ET-DC@eyJkeW5hbWljIjp0cnVlLCJjb250ZW50IjoicG9zdF9saW5rX3VybF9wYWdlIiwic2V0dGluZ3MiOnsicG9zdF9pZCI6IjUxMCJ9fQ==@&#8220; button_text=&#8220;Mehr&#8230;&#8220; button_alignment=&#8220;center&#8220; _builder_version=&#8220;3.27.4&#8243; _dynamic_attributes=&#8220;button_url&#8220; custom_button=&#8220;on&#8220; button_text_color=&#8220;#fcbf2c&#8220; button_bg_color=&#8220;#1f5472&#8243; _i=&#8220;1&#8243; _address=&#8220;1.0.2.1&#8243; button_bg_enable_color=&#8220;on&#8220;][\/et_pb_button][\/et_pb_column][et_pb_column type=&#8220;1_4&#8243; _builder_version=&#8220;3.27.4&#8243; _i=&#8220;3&#8243; _address=&#8220;1.0.3&#8243;][et_pb_blurb title=&#8220;Unterstellm\u00f6glichkeiten &#8220; image=&#8220;http:\/\/therapie-und-reiten.de\/wp-content\/uploads\/2021\/01\/210109_Angiehof_Signet_blau.png&#8220; image_max_width=&#8220;30%&#8220; font_icon_last_edited=&#8220;off|desktop&#8220; _builder_version=&#8220;3.27.4&#8243; header_level=&#8220;h6&#8243; header_font=&#8220;Lato|700||on|||||&#8220; header_text_align=&#8220;center&#8220; header_text_color=&#8220;#2d2d2c&#8220; header_font_size=&#8220;18px&#8220; header_line_height=&#8220;1.2em&#8220; background_color=&#8220;rgba(0,0,0,0)&#8220; custom_margin=&#8220;0px||||false|false&#8220; hover_enabled=&#8220;0&#8243; _i=&#8220;0&#8243; _address=&#8220;1.0.3.0&#8243; font_icon__hover_enabled=&#8220;off|desktop&#8220;]<\/p>\n<p style=\"text-align: justify;\"><span color=\"#333333\" style=\"color: #333333;\">Wenn Sie einen Stellplatz f\u00fcr Ihr Pferd suchen, sind Sie bei uns genau an der richtigen Adresse.<\/span><\/p>\n<p>[\/et_pb_blurb][et_pb_button button_url=&#8220;@ET-DC@eyJkeW5hbWljIjp0cnVlLCJjb250ZW50IjoicG9zdF9saW5rX3VybF9wYWdlIiwic2V0dGluZ3MiOnsicG9zdF9pZCI6IjUwOCJ9fQ==@&#8220; button_text=&#8220;Mehr&#8230;&#8220; button_alignment=&#8220;center&#8220; _builder_version=&#8220;3.27.4&#8243; _dynamic_attributes=&#8220;button_url&#8220; custom_button=&#8220;on&#8220; button_text_color=&#8220;#fcbf2c&#8220; button_bg_color=&#8220;#1f5472&#8243; _i=&#8220;1&#8243; _address=&#8220;1.0.3.1&#8243; button_bg_enable_color=&#8220;on&#8220;][\/et_pb_button][\/et_pb_column][\/et_pb_row][\/et_pb_section][et_pb_section fb_built=&#8220;1&#8243; _builder_version=&#8220;3.27.4&#8243; background_color=&#8220;rgba(0,72,114,0.68)&#8220; background_image=&#8220;http:\/\/therapie-und-reiten.de\/wp-content\/uploads\/2019\/12\/IMG-20190213-WA0017.jpg&#8220; parallax=&#8220;on&#8220; fb_built=&#8220;1&#8243; _i=&#8220;2&#8243; _address=&#8220;2&#8243;][et_pb_row _builder_version=&#8220;3.27.4&#8243; _i=&#8220;0&#8243; _address=&#8220;2.0&#8243;][et_pb_column type=&#8220;4_4&#8243; _builder_version=&#8220;3.27.4&#8243; _i=&#8220;0&#8243; _address=&#8220;2.0.0&#8243;][et_pb_testimonial author=&#8220;Sibylle&#8220; quote_icon_color=&#8220;#fcbf2c&#8220; quote_icon_background_color=&#8220;#1f5472&#8243; _builder_version=&#8220;3.27.4&#8243; body_font_size=&#8220;15px&#8220; author_font=&#8220;|700||||on|||&#8220; author_text_align=&#8220;center&#8220; author_text_color=&#8220;#2d2d2c&#8220; author_font_size=&#8220;16px&#8220; background_color=&#8220;rgba(245,245,245,0.52)&#8220; custom_padding=&#8220;||15px|||&#8220; _i=&#8220;0&#8243; _address=&#8220;2.0.0.0&#8243;]<\/p>\n<p style=\"text-align: center;\"><span color=\"#2d2d2c\" size=\"4\" style=\"color: #2d2d2c; font-size: large;\">Es war jeden einzelnen Tag in der Ausbildung bei Dir ein Quantensprung und dabei das Pferd zufrieden und von Tag zu Tag selbstbewusster! Wir (Rio und ich) haben aus den wenigen Tagen wirklich extrem viele Sch\u00e4tze mitnehmen d\u00fcrfen und sind sehr, sehr dankbar daf\u00fcr. Wir haben ein Grundkonzept f\u00fcr die Bodenarbeit und f\u00fcrs Reiten erhalten f\u00fcr unseren k\u00fcnftigen gemeinsamen Weg. Wir sind daf\u00fcr sehr dankbar. Und wir kommen gerne wieder!<\/span><\/p>\n<p>[\/et_pb_testimonial][\/et_pb_column][\/et_pb_row][\/et_pb_section]<\/p>\n","protected":false},"excerpt":{"rendered":"<p>[et_pb_section fb_built=&#8220;1&#8243; _builder_version=&#8220;3.27.4&#8243; background_color=&#8220;rgba(0,72,114,0.68)&#8220; background_image=&#8220;http:\/\/therapie-und-reiten.de\/wp-content\/uploads\/2020\/02\/200202_Banner_1920x150_kleiner_40prozent-GOLD.jpg&#8220; parallax=&#8220;on&#8220; max_height=&#8220;200px&#8220; custom_padding=&#8220;0px||9px|||&#8220; fb_built=&#8220;1&#8243; _i=&#8220;0&#8243; _address=&#8220;0&#8243;][et_pb_row _builder_version=&#8220;3.27.4&#8243; min_height=&#8220;109px&#8220; custom_padding=&#8220;31px||20px|||&#8220; _i=&#8220;0&#8243; _address=&#8220;0.0&#8243;][et_pb_column type=&#8220;4_4&#8243; _builder_version=&#8220;3.27.4&#8243; _i=&#8220;0&#8243; _address=&#8220;0.0.0&#8243;][et_pb_text _builder_version=&#8220;3.27.4&#8243; text_font=&#8220;|700||on|||||&#8220; text_text_color=&#8220;#2d2d2c&#8220; text_font_size=&#8220;30px&#8220; text_line_height=&#8220;1.75em&#8220; background_color=&#8220;#1f5472&#8243; border_width_all=&#8220;1px&#8220; border_color_all=&#8220;#fcbf2c&#8220; max_width=&#8220;44%&#8220; module_alignment=&#8220;center&#8220; [&hellip;]<\/p>\n","protected":false},"author":1,"featured_media":0,"parent":0,"menu_order":0,"comment_status":"closed","ping_status":"closed","template":"","meta":{"_et_pb_use_builder":"on","_et_pb_old_content":"","_expiration-date-status":"","_expiration-date":0,"_expiration-date-type":"","_expiration-date-categories":[],"_expiration-date-options":[]},"_links":{"self":[{"href":"https:\/\/therapie-und-reiten.de\/index.php?rest_route=\/wp\/v2\/pages\/363"}],"collection":[{"href":"https:\/\/therapie-und-reiten.de\/index.php?rest_route=\/wp\/v2\/pages"}],"about":[{"href":"https:\/\/therapie-und-reiten.de\/index.php?rest_route=\/wp\/v2\/types\/page"}],"author":[{"embeddable":true,"href":"https:\/\/therapie-und-reiten.de\/index.php?rest_route=\/wp\/v2\/users\/1"}],"replies":[{"embeddable":true,"href":"https:\/\/therapie-und-reiten.de\/index.php?rest_route=%2Fwp%2Fv2%2Fcomments&post=363"}],"version-history":[{"count":25,"href":"https:\/\/therapie-und-reiten.de\/index.php?rest_route=\/wp\/v2\/pages\/363\/revisions"}],"predecessor-version":[{"id":1362,"href":"https:\/\/therapie-und-reiten.de\/index.php?rest_route=\/wp\/v2\/pages\/363\/revisions\/1362"}],"wp:attachment":[{"href":"https:\/\/therapie-und-reiten.de\/index.php?rest_route=%2Fwp%2Fv2%2Fmedia&parent=363"}],"curies":[{"name":"wp","href":"https:\/\/api.w.org\/{rel}","templated":true}]}}