{"id":301,"date":"2019-12-18T19:57:24","date_gmt":"2019-12-18T18:57:24","guid":{"rendered":"http:\/\/therapie-und-reiten.de\/?page_id=301"},"modified":"2023-02-25T18:25:57","modified_gmt":"2023-02-25T17:25:57","slug":"angiehof","status":"publish","type":"page","link":"https:\/\/therapie-und-reiten.de\/","title":{"rendered":"Angiehof"},"content":{"rendered":"<p>[et_pb_section fb_built=&#8220;1&#8243; admin_label=&#8220;BANNER&#8220; _builder_version=&#8220;3.27.4&#8243; background_color=&#8220;rgba(0,72,114,0.68)&#8220; background_image=&#8220;http:\/\/therapie-und-reiten.de\/wp-content\/uploads\/2020\/02\/200202_Banner_1920x150_kleiner_40prozent-GOLD.jpg&#8220; parallax=&#8220;on&#8220; custom_padding=&#8220;0px||9px|||&#8220; collapsed=&#8220;off&#8220; fb_built=&#8220;1&#8243; _i=&#8220;0&#8243; _address=&#8220;0&#8243;][et_pb_row _builder_version=&#8220;3.27.4&#8243; width=&#8220;50%&#8220; min_height=&#8220;109px&#8220; custom_padding=&#8220;31px||20px|||&#8220; collapsed=&#8220;on&#8220; _i=&#8220;0&#8243; _address=&#8220;0.0&#8243;][et_pb_column type=&#8220;4_4&#8243; _builder_version=&#8220;3.27.4&#8243; _i=&#8220;0&#8243; _address=&#8220;0.0.0&#8243;][et_pb_text _builder_version=&#8220;3.27.4&#8243; text_font=&#8220;|||on|||||&#8220; text_text_color=&#8220;#fcbf2c&#8220; text_font_size=&#8220;17px&#8220; header_font=&#8220;Lato|700|||||||&#8220; header_text_align=&#8220;center&#8220; header_text_color=&#8220;#fcbf2c&#8220; background_color=&#8220;#1f5472&#8243; border_width_all=&#8220;1px&#8220; border_color_all=&#8220;#fcbf2c&#8220; _i=&#8220;0&#8243; _address=&#8220;0.0.0.0&#8243;]<\/p>\n<h1 style=\"text-align: center;\"><\/h1>\n<h1 style=\"text-align: center;\"><span style=\"color: #fcbf2c;\">Angiehof<\/span><\/h1>\n<p style=\"text-align: center;\"><span style=\"color: #fcbf2c;\">Reit- und Therapiezentrum Gienger<\/span><\/p>\n<p>[\/et_pb_text][\/et_pb_column][\/et_pb_row][\/et_pb_section][et_pb_section fb_built=&#8220;1&#8243; _builder_version=&#8220;3.27.4&#8243; background_color=&#8220;#fcbf2c&#8220; border_style_top=&#8220;groove&#8220; custom_padding=&#8220;0|0px|0px|0px&#8220; top_divider_color=&#8220;#1f5472&#8243; top_divider_height=&#8220;30px&#8220; fb_built=&#8220;1&#8243; _i=&#8220;1&#8243; _address=&#8220;1&#8243;][et_pb_row use_custom_gutter=&#8220;on&#8220; gutter_width=&#8220;1&#8243; make_equal=&#8220;on&#8220; module_class=&#8220; et_pb_row_fullwidth&#8220; _builder_version=&#8220;3.27.4&#8243; box_shadow_style=&#8220;preset2&#8243; width=&#8220;100%&#8220; width_tablet=&#8220;100%&#8220; width_last_edited=&#8220;on|desktop&#8220; max_width=&#8220;100%&#8220; max_width_tablet=&#8220;100%&#8220; max_width_last_edited=&#8220;on|desktop&#8220; custom_padding=&#8220;0px|0px|0px|0px||&#8220; make_fullwidth=&#8220;on&#8220; _i=&#8220;0&#8243; _address=&#8220;1.0&#8243;][et_pb_column type=&#8220;4_4&#8243; _builder_version=&#8220;3.25&#8243; custom_padding=&#8220;|||&#8220; custom_css_main_element=&#8220;padding: 50px;&#8220; custom_css_main=&#8220;padding: 50px;&#8220; _i=&#8220;0&#8243; _address=&#8220;1.0.0&#8243; custom_padding__hover=&#8220;|||&#8220;][et_pb_text _builder_version=&#8220;3.27.4&#8243; text_font=&#8220;||||||||&#8220; text_text_color=&#8220;#2d2d2c&#8220; text_font_size=&#8220;17px&#8220; header_font=&#8220;||||||||&#8220; header_text_align=&#8220;center&#8220; header_text_color=&#8220;#ffffff&#8220; header_text_shadow_style=&#8220;preset1&#8243; header_text_shadow_color=&#8220;#1f5472&#8243; header_2_text_align=&#8220;center&#8220; header_2_text_shadow_style=&#8220;preset1&#8243; header_2_text_shadow_color=&#8220;#1f5472&#8243; header_3_font=&#8220;|||on|||||&#8220; header_3_text_align=&#8220;center&#8220; header_3_text_color=&#8220;#ffffff&#8220; background_layout=&#8220;dark&#8220; custom_margin=&#8220;-28px||-36px|||&#8220; _i=&#8220;0&#8243; _address=&#8220;1.0.0.0&#8243;]<\/p>\n<p style=\"text-align: center;\"><strong>Termine werden gerne telefonisch entgegengenommen!<\/strong><\/p>\n<p>[\/et_pb_text][et_pb_button button_url=&#8220;@ET-DC@eyJkeW5hbWljIjp0cnVlLCJjb250ZW50IjoicG9zdF9saW5rX3VybF9wYWdlIiwic2V0dGluZ3MiOnsicG9zdF9pZCI6IjMwOCJ9fQ==@&#8220; button_text=&#8220;Jetzt Termin vereinbaren&#8220; button_alignment=&#8220;center&#8220; _builder_version=&#8220;3.27.4&#8243; _dynamic_attributes=&#8220;button_url&#8220; custom_button=&#8220;on&#8220; button_text_color=&#8220;#fcbf2c&#8220; button_bg_color=&#8220;#1f5472&#8243; button_border_color=&#8220;#fcbf2c&#8220; custom_margin=&#8220;51px||-35px||false|false&#8220; button_bg_enable_color=&#8220;on&#8220; _i=&#8220;1&#8243; _address=&#8220;1.0.0.1&#8243;][\/et_pb_button][\/et_pb_column][\/et_pb_row][\/et_pb_section][et_pb_section fb_built=&#8220;1&#8243; _builder_version=&#8220;3.27.4&#8243; background_color=&#8220;rgba(0,0,0,0)&#8220; custom_padding=&#8220;0|0px|0px|0px&#8220; collapsed=&#8220;on&#8220; fb_built=&#8220;1&#8243; _i=&#8220;2&#8243; _address=&#8220;2&#8243;][et_pb_row column_structure=&#8220;1_2,1_2&#8243; use_custom_gutter=&#8220;on&#8220; gutter_width=&#8220;1&#8243; make_equal=&#8220;on&#8220; module_class=&#8220; et_pb_row_fullwidth&#8220; _builder_version=&#8220;3.25&#8243; width=&#8220;100%&#8220; width_tablet=&#8220;100%&#8220; width_last_edited=&#8220;on|desktop&#8220; max_width=&#8220;100%&#8220; max_width_tablet=&#8220;100%&#8220; max_width_last_edited=&#8220;on|desktop&#8220; custom_padding=&#8220;22px|0px|30px|0px||&#8220; make_fullwidth=&#8220;on&#8220; _i=&#8220;0&#8243; _address=&#8220;2.0&#8243;][et_pb_column type=&#8220;1_2&#8243; _builder_version=&#8220;3.25&#8243; custom_padding=&#8220;|||&#8220; custom_css_main_element=&#8220;padding: 50px;&#8220; custom_css_main=&#8220;padding: 50px;&#8220; _i=&#8220;0&#8243; _address=&#8220;2.0.0&#8243; custom_padding__hover=&#8220;|||&#8220;][et_pb_text _builder_version=&#8220;3.27.4&#8243; custom_padding=&#8220;||4px|||&#8220; hover_enabled=&#8220;0&#8243; _i=&#8220;0&#8243; _address=&#8220;2.0.0.0&#8243;]<\/p>\n<p class=\"aLF-aPX-K0-aPE\"><span style=\"font-size: x-large;\"><strong>SCH\u00d6N, DASS SIE DA SIND!<\/strong><\/span><\/p>\n<p class=\"aLF-aPX-K0-aPE\">\n<p class=\"aLF-aPX-K0-aPE\"><span style=\"font-size: medium;\">Auf dem Angiehof vereinen sich seit 19 Jahren Leidenschaft, Freundschaft, 52 Jahre Pferdeerfahrung und eine gro\u00dfe Portion Liebe zum Detail. Auf dem Hofgel\u00e4nde und dem zugeh\u00f6rigen Weideland finden sich Mensch und Tier in Einklang zusammen. Der Hof wird von der Familie Gienger bewirtschaftet \u2014 das sind Beatrix, Thom und Dominik. Mit zur Familie geh\u00f6ren au\u00dfer den menschlichen Mitgliedern noch Katzen, H\u00fchner, H\u00e4hne, Hunde, Pferde und Ponys. Und nat\u00fcrlich unsere fabul\u00f6se Stallgemeinschaft, die das famili\u00e4re Umfeld komplett macht.\u00a0<\/span><\/p>\n<p class=\"aLF-aPX-K0-aPE\"><span style=\"font-size: medium;\">Geleitet wird der Angiehof von Thomas Gienger.\u00a0<\/span><\/p>\n<p class=\"aLF-aPX-K0-aPE\">[\/et_pb_text][\/et_pb_column][et_pb_column type=&#8220;1_2&#8243; _builder_version=&#8220;3.25&#8243; custom_padding=&#8220;|||&#8220; _i=&#8220;1&#8243; _address=&#8220;2.0.1&#8243; custom_padding__hover=&#8220;|||&#8220;][et_pb_video src=&#8220;https:\/\/youtu.be\/6c3uY84P4DU&#8220; image_src=&#8220;\/\/i.ytimg.com\/vi\/6c3uY84P4DU\/hqdefault.jpg&#8220; play_icon_color=&#8220;#ffffff&#8220; thumbnail_overlay_color=&#8220;rgba(0,0,0,0.6)&#8220; _builder_version=&#8220;3.27.4&#8243; _i=&#8220;0&#8243; _address=&#8220;2.0.1.0&#8243;][\/et_pb_video][\/et_pb_column][\/et_pb_row][\/et_pb_section][et_pb_section fb_built=&#8220;1&#8243; admin_label=&#8220;SCH\u00d6N, DASS SIE DA SIND&#8220; _builder_version=&#8220;3.27.4&#8243; background_color=&#8220;rgba(0,0,0,0)&#8220; use_background_color_gradient=&#8220;on&#8220; background_color_gradient_start=&#8220;#fcbf2c&#8220; background_color_gradient_end=&#8220;#ffffff&#8220; background_color_gradient_type=&#8220;radial&#8220; background_color_gradient_start_position=&#8220;1%&#8220; background_enable_image=&#8220;off&#8220; parallax=&#8220;on&#8220; box_shadow_style=&#8220;preset1&#8243; custom_margin=&#8220;||41px|||&#8220; custom_padding=&#8220;0px||0px|||&#8220; top_divider_style=&#8220;ramp2&#8243; top_divider_color=&#8220;rgba(0,0,0,0)&#8220; top_divider_height=&#8220;30px&#8220; bottom_divider_style=&#8220;ramp2&#8243; bottom_divider_color=&#8220;rgba(0,0,0,0)&#8220; bottom_divider_height=&#8220;30px&#8220; collapsed=&#8220;on&#8220; fb_built=&#8220;1&#8243; _i=&#8220;3&#8243; _address=&#8220;3&#8243;][et_pb_row _builder_version=&#8220;3.27.4&#8243; _i=&#8220;0&#8243; _address=&#8220;3.0&#8243;][et_pb_column type=&#8220;4_4&#8243; _builder_version=&#8220;3.27.4&#8243; _i=&#8220;0&#8243; _address=&#8220;3.0.0&#8243;][et_pb_text _builder_version=&#8220;3.27.4&#8243; text_font=&#8220;|300|||||||&#8220; text_text_color=&#8220;#1f5472&#8243; text_font_size=&#8220;26px&#8220; text_line_height=&#8220;1.9em&#8220; background_color=&#8220;rgba(0,0,0,0)&#8220; custom_padding=&#8220;||0px|||&#8220; _i=&#8220;0&#8243; _address=&#8220;3.0.0.0&#8243;]<\/p>\n<p style=\"text-align: center;\"><span style=\"font-size: x-large;\"><strong><span style=\"color: #2d2d2c;\">Hier erfahren Sie mehr \u00fcber uns, unseren Hof und unsere Angebote<\/span><\/strong><\/span><\/p>\n<p style=\"text-align: center;\">\n<p>[\/et_pb_text][\/et_pb_column][\/et_pb_row][et_pb_row column_structure=&#8220;1_2,1_2&#8243; _builder_version=&#8220;3.27.4&#8243; custom_margin=&#8220;-53px|auto||auto||&#8220; custom_padding=&#8220;34px|||||&#8220; _i=&#8220;1&#8243; _address=&#8220;3.1&#8243;][et_pb_column type=&#8220;1_2&#8243; _builder_version=&#8220;3.27.4&#8243; _i=&#8220;0&#8243; _address=&#8220;3.1.0&#8243;][et_pb_button button_url=&#8220;@ET-DC@eyJkeW5hbWljIjp0cnVlLCJjb250ZW50IjoicG9zdF9saW5rX3VybF9wYWdlIiwic2V0dGluZ3MiOnsicG9zdF9pZCI6IjM2MiJ9fQ==@&#8220; button_text=&#8220;F\u00fcr Sie&#8220; button_alignment=&#8220;center&#8220; _builder_version=&#8220;3.27.4&#8243; _dynamic_attributes=&#8220;button_url&#8220; custom_button=&#8220;on&#8220; button_text_color=&#8220;#fcbf2c&#8220; button_bg_color=&#8220;#1f5472&#8243; button_font=&#8220;|700||on|||||&#8220; background_layout=&#8220;dark&#8220; animation_style=&#8220;slide&#8220; button_bg_enable_color=&#8220;on&#8220; _i=&#8220;0&#8243; _address=&#8220;3.1.0.0&#8243;][\/et_pb_button][\/et_pb_column][et_pb_column type=&#8220;1_2&#8243; _builder_version=&#8220;3.27.4&#8243; _i=&#8220;1&#8243; _address=&#8220;3.1.1&#8243;][et_pb_button button_url=&#8220;@ET-DC@eyJkeW5hbWljIjp0cnVlLCJjb250ZW50IjoicG9zdF9saW5rX3VybF9wYWdlIiwic2V0dGluZ3MiOnsicG9zdF9pZCI6IjM2MyJ9fQ==@&#8220; button_text=&#8220;F\u00fcr Ihr Pferd&#8220; button_alignment=&#8220;center&#8220; _builder_version=&#8220;3.27.4&#8243; _dynamic_attributes=&#8220;button_url&#8220; custom_button=&#8220;on&#8220; button_text_color=&#8220;#fcbf2c&#8220; button_bg_color=&#8220;#1f5472&#8243; button_font=&#8220;|700||on|||||&#8220; background_layout=&#8220;dark&#8220; animation_style=&#8220;slide&#8220; button_bg_enable_color=&#8220;on&#8220; _i=&#8220;0&#8243; _address=&#8220;3.1.1.0&#8243;][\/et_pb_button][\/et_pb_column][\/et_pb_row][\/et_pb_section][et_pb_section fb_built=&#8220;1&#8243; admin_label=&#8220;POST SLIDER&#8220; _builder_version=&#8220;3.27.4&#8243; custom_padding=&#8220;1px||3px|||&#8220; collapsed=&#8220;off&#8220; fb_built=&#8220;1&#8243; _i=&#8220;4&#8243; _address=&#8220;4&#8243;][et_pb_row _builder_version=&#8220;3.27.4&#8243; box_shadow_style=&#8220;preset1&#8243; width=&#8220;86%&#8220; max_width=&#8220;1920px&#8220; module_alignment=&#8220;center&#8220; _i=&#8220;0&#8243; _address=&#8220;4.0&#8243;][et_pb_column type=&#8220;4_4&#8243; _builder_version=&#8220;3.27.4&#8243; _i=&#8220;0&#8243; _address=&#8220;4.0.0&#8243;][et_pb_text _builder_version=&#8220;3.27.4&#8243; text_font=&#8220;|700||on|||||&#8220; text_text_color=&#8220;#2d2d2c&#8220; text_font_size=&#8220;30px&#8220; text_line_height=&#8220;1.75em&#8220; header_font=&#8220;||||||||&#8220; background_color=&#8220;#1f5472&#8243; border_width_all=&#8220;1px&#8220; border_color_all=&#8220;#fcbf2c&#8220; _i=&#8220;0&#8243; _address=&#8220;4.0.0.0&#8243;]<\/p>\n<p style=\"text-align: center;\"><span style=\"color: #fcbf2c;\">News<\/span><\/p>\n<p>[\/et_pb_text][et_pb_blog fullwidth=&#8220;off&#8220; posts_number=&#8220;3&#8243; include_categories=&#8220;11&#8243; show_author=&#8220;off&#8220; show_categories=&#8220;off&#8220; _builder_version=&#8220;3.27.4&#8243; animation_style=&#8220;flip&#8220; _i=&#8220;1&#8243; _address=&#8220;4.0.0.1&#8243;][\/et_pb_blog][\/et_pb_column][\/et_pb_row][\/et_pb_section][et_pb_section fb_built=&#8220;1&#8243; fullwidth=&#8220;on&#8220; _builder_version=&#8220;3.27.4&#8243; fb_built=&#8220;1&#8243; _i=&#8220;5&#8243; _address=&#8220;5&#8243;][\/et_pb_section]<\/p>\n","protected":false},"excerpt":{"rendered":"<p>[et_pb_section fb_built=&#8220;1&#8243; admin_label=&#8220;BANNER&#8220; _builder_version=&#8220;3.27.4&#8243; background_color=&#8220;rgba(0,72,114,0.68)&#8220; background_image=&#8220;http:\/\/therapie-und-reiten.de\/wp-content\/uploads\/2020\/02\/200202_Banner_1920x150_kleiner_40prozent-GOLD.jpg&#8220; parallax=&#8220;on&#8220; custom_padding=&#8220;0px||9px|||&#8220; collapsed=&#8220;off&#8220; fb_built=&#8220;1&#8243; _i=&#8220;0&#8243; _address=&#8220;0&#8243;][et_pb_row _builder_version=&#8220;3.27.4&#8243; width=&#8220;50%&#8220; min_height=&#8220;109px&#8220; custom_padding=&#8220;31px||20px|||&#8220; collapsed=&#8220;on&#8220; _i=&#8220;0&#8243; _address=&#8220;0.0&#8243;][et_pb_column type=&#8220;4_4&#8243; _builder_version=&#8220;3.27.4&#8243; _i=&#8220;0&#8243; _address=&#8220;0.0.0&#8243;][et_pb_text _builder_version=&#8220;3.27.4&#8243; text_font=&#8220;|||on|||||&#8220; text_text_color=&#8220;#fcbf2c&#8220; text_font_size=&#8220;17px&#8220; header_font=&#8220;Lato|700|||||||&#8220; header_text_align=&#8220;center&#8220; header_text_color=&#8220;#fcbf2c&#8220; [&hellip;]<\/p>\n","protected":false},"author":1,"featured_media":0,"parent":0,"menu_order":0,"comment_status":"closed","ping_status":"closed","template":"","meta":{"_et_pb_use_builder":"on","_et_pb_old_content":"","_expiration-date-status":"","_expiration-date":1677950706,"_expiration-date-type":"draft","_expiration-date-categories":[],"_expiration-date-options":[]},"_links":{"self":[{"href":"https:\/\/therapie-und-reiten.de\/index.php?rest_route=\/wp\/v2\/pages\/301"}],"collection":[{"href":"https:\/\/therapie-und-reiten.de\/index.php?rest_route=\/wp\/v2\/pages"}],"about":[{"href":"https:\/\/therapie-und-reiten.de\/index.php?rest_route=\/wp\/v2\/types\/page"}],"author":[{"embeddable":true,"href":"https:\/\/therapie-und-reiten.de\/index.php?rest_route=\/wp\/v2\/users\/1"}],"replies":[{"embeddable":true,"href":"https:\/\/therapie-und-reiten.de\/index.php?rest_route=%2Fwp%2Fv2%2Fcomments&post=301"}],"version-history":[{"count":55,"href":"https:\/\/therapie-und-reiten.de\/index.php?rest_route=\/wp\/v2\/pages\/301\/revisions"}],"predecessor-version":[{"id":1668,"href":"https:\/\/therapie-und-reiten.de\/index.php?rest_route=\/wp\/v2\/pages\/301\/revisions\/1668"}],"wp:attachment":[{"href":"https:\/\/therapie-und-reiten.de\/index.php?rest_route=%2Fwp%2Fv2%2Fmedia&parent=301"}],"curies":[{"name":"wp","href":"https:\/\/api.w.org\/{rel}","templated":true}]}}